{"id":239,"date":"2024-06-06T23:10:17","date_gmt":"2024-06-06T20:10:17","guid":{"rendered":"https:\/\/www.rovagro.com\/uk\/?page_id=239"},"modified":"2024-06-10T14:17:02","modified_gmt":"2024-06-10T11:17:02","slug":"%d0%bf%d0%be%d0%bf%d0%b8%d1%82","status":"publish","type":"page","link":"https:\/\/www.rovagro.com\/uk\/%d0%bf%d0%be%d0%bf%d0%b8%d1%82\/","title":{"rendered":"\u041f\u043e\u043f\u0438\u0442"},"content":{"rendered":"<div class=\"wpb-content-wrapper\"><p>[vc_row css_animation=&#8221;&#8221; row_type=&#8221;row&#8221; use_row_as_full_screen_section=&#8221;no&#8221; type=&#8221;grid&#8221; angled_section=&#8221;no&#8221; text_align=&#8221;left&#8221; background_image_as_pattern=&#8221;without_pattern&#8221; z_index=&#8221;&#8221; padding_top=&#8221;50&#8243; padding_bottom=&#8221;50&#8243;][vc_column width=&#8221;1\/2&#8243; el_class=&#8221;talep-formu&#8221;][vc_column_text css=&#8221;&#8221;]<\/p>\n<h3>\u0424\u043e\u0440\u043c\u0430 \u0437\u0430\u043f\u0438\u0442\u0443<\/h3>\n<p>[\/vc_column_text]\n<div class=\"wpcf7 no-js\" id=\"wpcf7-f244-o1\" lang=\"en-US\" dir=\"ltr\">\n<div class=\"screen-reader-response\"><p role=\"status\" aria-live=\"polite\" aria-atomic=\"true\"><\/p> <ul><\/ul><\/div>\n<form action=\"\/uk\/wp-json\/wp\/v2\/pages\/239#wpcf7-f244-o1\" method=\"post\" class=\"wpcf7-form init cf7_custom_style_1\" aria-label=\"Contact form\" novalidate=\"novalidate\" data-status=\"init\">\n<div style=\"display: none;\">\n<input type=\"hidden\" name=\"_wpcf7\" value=\"244\" \/>\n<input type=\"hidden\" name=\"_wpcf7_version\" value=\"5.9.8\" \/>\n<input type=\"hidden\" name=\"_wpcf7_locale\" value=\"en_US\" \/>\n<input type=\"hidden\" name=\"_wpcf7_unit_tag\" value=\"wpcf7-f244-o1\" \/>\n<input type=\"hidden\" name=\"_wpcf7_container_post\" value=\"0\" \/>\n<input type=\"hidden\" name=\"_wpcf7_posted_data_hash\" value=\"\" \/>\n<\/div>\n<div style=\"width:50%; float:left;\">\n\t<p><span class=\"wpcf7-form-control-wrap\" data-name=\"text-329\"><input size=\"40\" maxlength=\"400\" class=\"wpcf7-form-control wpcf7-text\" aria-invalid=\"false\" placeholder=\"\u0406\u043c&#039;\u044f \u041f\u0440\u0456\u0437\u0432\u0438\u0449\u0435\" value=\"\" type=\"text\" name=\"text-329\" \/><\/span>\n\t<\/p>\n<\/div>\n<div style=\"width:49%; float:left; padding-left:6px;\">\n\t<p><span class=\"wpcf7-form-control-wrap\" data-name=\"email-297\"><input size=\"40\" maxlength=\"400\" class=\"wpcf7-form-control wpcf7-email wpcf7-validates-as-required wpcf7-text wpcf7-validates-as-email\" aria-required=\"true\" aria-invalid=\"false\" placeholder=\"\u0415\u043b\u0435\u043a\u0442\u0440\u043e\u043d\u043d\u0430 \u043f\u043e\u0448\u0442\u0430\" value=\"\" type=\"email\" name=\"email-297\" \/><\/span>\n\t<\/p>\n<\/div>\n<div style=\"width:50%; float:left;\">\n\t<p><span class=\"wpcf7-form-control-wrap\" data-name=\"tel-913\"><input size=\"40\" maxlength=\"400\" class=\"wpcf7-form-control wpcf7-tel wpcf7-validates-as-required wpcf7-text wpcf7-validates-as-tel\" aria-required=\"true\" aria-invalid=\"false\" placeholder=\"\u0422\u0435\u043b\u0435\u0444\u043e\u043d\" value=\"\" type=\"tel\" name=\"tel-913\" \/><\/span>\n\t<\/p>\n<\/div>\n<div style=\"width:49%; float:left; padding-left:6px;>\n\t<p><span class=\"wpcf7-form-control-wrap\" data-name=\"text-171\"><input size=\"40\" maxlength=\"400\" class=\"wpcf7-form-control wpcf7-text wpcf7-validates-as-required\" aria-required=\"true\" aria-invalid=\"false\" placeholder=\"\u041a\u0456\u043b\u044c\u043a\u0456\u0441\u0442\u044c (\u0442\u043e\u043d\u043d)\" value=\"\" type=\"text\" name=\"text-171\" \/><\/span>\n\t<\/p>\n<\/div>\n<div>\n\t<p><span class=\"wpcf7-form-control-wrap\" data-name=\"menu-304\"><select class=\"wpcf7-form-control wpcf7-select wpcf7-validates-as-required\" aria-required=\"true\" aria-invalid=\"false\" name=\"menu-304\"><option value=\"\u0412\u0438\u0431\u0435\u0440\u0456\u0442\u044c \u043f\u0440\u043e\u0434\u0443\u043a\u0442 -- \u02c5\">\u0412\u0438\u0431\u0435\u0440\u0456\u0442\u044c \u043f\u0440\u043e\u0434\u0443\u043a\u0442 -- \u02c5<\/option><option value=\"Ay\u00e7i\u00e7ek Tohumu\">Ay\u00e7i\u00e7ek Tohumu<\/option><option value=\"Soya Fasulyesi\">Soya Fasulyesi<\/option><option value=\"Kanola Tohumu\">Kanola Tohumu<\/option><option value=\"Ay\u00e7i\u00e7ek K\u00fcspesi\">Ay\u00e7i\u00e7ek K\u00fcspesi<\/option><option value=\"Soya K\u00fcspesi\">Soya K\u00fcspesi<\/option><option value=\"Kanola K\u00fcspesi\">Kanola K\u00fcspesi<\/option><option value=\"Bu\u011fday (Yemlik)\">Bu\u011fday (Yemlik)<\/option><option value=\"Bu\u011fday (Unluk)\">Bu\u011fday (Unluk)<\/option><option value=\"Bu\u011fday Kepe\u011fi\">Bu\u011fday Kepe\u011fi<\/option><option value=\"Ham Ay\u00e7i\u00e7ek Ya\u011f\u0131\">Ham Ay\u00e7i\u00e7ek Ya\u011f\u0131<\/option><\/select><\/span>\n\t<\/p>\n<\/div>\n<div>\n\t<p><span class=\"wpcf7-form-control-wrap\" data-name=\"menu-874\"><select class=\"wpcf7-form-control wpcf7-select wpcf7-validates-as-required\" aria-required=\"true\" aria-invalid=\"false\" name=\"menu-874\"><option value=\"\u0412\u0438\u0434 \u0442\u0440\u0430\u043d\u0441\u043f\u043e\u0440\u0442\u0443 -- \u02c5\">\u0412\u0438\u0434 \u0442\u0440\u0430\u043d\u0441\u043f\u043e\u0440\u0442\u0443 -- \u02c5<\/option><option value=\"Deniz Yolu\">Deniz Yolu<\/option><option value=\"Karayolu\">Karayolu<\/option><\/select><\/span>\n\t<\/p>\n<\/div>\n<div style=\"width:50%; float:left;\">\n\t<p><span class=\"wpcf7-form-control-wrap\" data-name=\"menu-362\"><select class=\"wpcf7-form-control wpcf7-select wpcf7-validates-as-required\" aria-required=\"true\" aria-invalid=\"false\" name=\"menu-362\"><option value=\"\u0422\u0438\u043f \u0434\u043e\u0441\u0442\u0430\u0432\u043a\u0438 -- \u02c5\">\u0422\u0438\u043f \u0434\u043e\u0441\u0442\u0430\u0432\u043a\u0438 -- \u02c5<\/option><option value=\"DAP\">DAP<\/option><option value=\"CIF\">CIF<\/option><option value=\"FOB\">FOB<\/option><option value=\"FCA\">FCA<\/option><\/select><\/span>\n\t<\/p>\n<\/div>\n<div style=\"width:49%; float:left; padding-left:6px;>\n\t<p><span class=\"wpcf7-form-control-wrap\" data-name=\"adres\"><input size=\"40\" maxlength=\"400\" class=\"wpcf7-form-control wpcf7-text wpcf7-validates-as-required\" aria-required=\"true\" aria-invalid=\"false\" placeholder=\"\u0410\u0434\u0440\u0435\u0441\u0430 \u0434\u043e\u0441\u0442\u0430\u0432\u043a\u0438\" value=\"\" type=\"text\" name=\"adres\" \/><\/span>\n\t<\/p>\n<\/div>\n<div>\n\t<p><span class=\"wpcf7-form-control-wrap\" data-name=\"textarea-831\"><textarea cols=\"40\" rows=\"10\" maxlength=\"2000\" class=\"wpcf7-form-control wpcf7-textarea\" aria-invalid=\"false\" placeholder=\"\u0412\u0430\u0448\u0435 \u043f\u043e\u0432\u0456\u0434\u043e\u043c\u043b\u0435\u043d\u043d\u044f\" name=\"textarea-831\"><\/textarea><\/span>\n\t<\/p>\n<\/div>\n<p><input class=\"wpcf7-form-control wpcf7-submit has-spinner\" type=\"submit\" value=\"\u041d\u0430\u0434\u0456\u0441\u043b\u0430\u0442\u0438\" \/>\n<\/p><div class=\"wpcf7-response-output\" aria-hidden=\"true\"><\/div>\n<\/form>\n<\/div>\n[vc_empty_space height=&#8221;40px&#8221;][\/vc_column][vc_column width=&#8221;1\/2&#8243;][vc_single_image image=&#8221;672&#8243; img_size=&#8221;full&#8221; css=&#8221;&#8221; qode_css_animation=&#8221;&#8221;][\/vc_column][\/vc_row]<\/p>\n<\/div>","protected":false},"excerpt":{"rendered":"<p>[vc_row css_animation=&#8221;&#8221; row_type=&#8221;row&#8221; use_row_as_full_screen_section=&#8221;no&#8221; type=&#8221;grid&#8221; angled_section=&#8221;no&#8221; text_align=&#8221;left&#8221; background_image_as_pattern=&#8221;without_pattern&#8221; z_index=&#8221;&#8221; padding_top=&#8221;50&#8243; padding_bottom=&#8221;50&#8243;][vc_column width=&#8221;1\/2&#8243; el_class=&#8221;talep-formu&#8221;][vc_column_text css=&#8221;&#8221;] \u0424\u043e\u0440\u043c\u0430 \u0437\u0430\u043f\u0438\u0442\u0443 [\/vc_column_text][vc_empty_space height=&#8221;40px&#8221;][\/vc_column][vc_column width=&#8221;1\/2&#8243;][vc_single_image image=&#8221;672&#8243; img_size=&#8221;full&#8221; css=&#8221;&#8221; qode_css_animation=&#8221;&#8221;][\/vc_column][\/vc_row]<\/p>\n","protected":false},"author":1,"featured_media":0,"parent":0,"menu_order":0,"comment_status":"closed","ping_status":"closed","template":"full_width.php","meta":{"footnotes":""},"class_list":["post-239","page","type-page","status-publish","hentry"],"yoast_head":"<!-- This site is optimized with the Yoast SEO plugin v23.5 - https:\/\/yoast.com\/wordpress\/plugins\/seo\/ -->\n<title>\u041f\u043e\u043f\u0438\u0442 - Rovagro<\/title>\n<meta name=\"robots\" content=\"index, follow, max-snippet:-1, max-image-preview:large, max-video-preview:-1\" \/>\n<link rel=\"canonical\" href=\"https:\/\/www.rovagro.com\/uk\/\u043f\u043e\u043f\u0438\u0442\/\" \/>\n<meta property=\"og:locale\" content=\"uk_UA\" \/>\n<meta property=\"og:type\" content=\"article\" \/>\n<meta property=\"og:title\" content=\"\u041f\u043e\u043f\u0438\u0442 - Rovagro\" \/>\n<meta property=\"og:description\" content=\"[vc_row css_animation=&#8221;&#8221; row_type=&#8221;row&#8221; use_row_as_full_screen_section=&#8221;no&#8221; type=&#8221;grid&#8221; angled_section=&#8221;no&#8221; text_align=&#8221;left&#8221; background_image_as_pattern=&#8221;without_pattern&#8221; z_index=&#8221;&#8221; padding_top=&#8221;50&#8243; padding_bottom=&#8221;50&#8243;][vc_column width=&#8221;1\/2&#8243; el_class=&#8221;talep-formu&#8221;][vc_column_text css=&#8221;&#8221;] \u0424\u043e\u0440\u043c\u0430 \u0437\u0430\u043f\u0438\u0442\u0443 [\/vc_column_text][vc_empty_space height=&#8221;40px&#8221;][\/vc_column][vc_column width=&#8221;1\/2&#8243;][vc_single_image image=&#8221;672&#8243; img_size=&#8221;full&#8221; css=&#8221;&#8221; qode_css_animation=&#8221;&#8221;][\/vc_column][\/vc_row]\" \/>\n<meta property=\"og:url\" content=\"https:\/\/www.rovagro.com\/uk\/\u043f\u043e\u043f\u0438\u0442\/\" \/>\n<meta property=\"og:site_name\" content=\"Rovagro\" \/>\n<meta property=\"article:modified_time\" content=\"2024-06-10T11:17:02+00:00\" \/>\n<meta name=\"twitter:card\" content=\"summary_large_image\" \/>\n<meta name=\"twitter:label1\" content=\"\u041f\u0440\u0438\u0431\u043b. \u0447\u0430\u0441 \u0447\u0438\u0442\u0430\u043d\u043d\u044f\" \/>\n\t<meta name=\"twitter:data1\" content=\"1 \u0445\u0432\u0438\u043b\u0438\u043d\u0430\" \/>\n<script type=\"application\/ld+json\" class=\"yoast-schema-graph\">{\"@context\":\"https:\/\/schema.org\",\"@graph\":[{\"@type\":\"WebPage\",\"@id\":\"https:\/\/www.rovagro.com\/uk\/%d0%bf%d0%be%d0%bf%d0%b8%d1%82\/\",\"url\":\"https:\/\/www.rovagro.com\/uk\/%d0%bf%d0%be%d0%bf%d0%b8%d1%82\/\",\"name\":\"\u041f\u043e\u043f\u0438\u0442 - Rovagro\",\"isPartOf\":{\"@id\":\"https:\/\/www.rovagro.com\/uk\/#website\"},\"datePublished\":\"2024-06-06T20:10:17+00:00\",\"dateModified\":\"2024-06-10T11:17:02+00:00\",\"breadcrumb\":{\"@id\":\"https:\/\/www.rovagro.com\/uk\/%d0%bf%d0%be%d0%bf%d0%b8%d1%82\/#breadcrumb\"},\"inLanguage\":\"uk\",\"potentialAction\":[{\"@type\":\"ReadAction\",\"target\":[\"https:\/\/www.rovagro.com\/uk\/%d0%bf%d0%be%d0%bf%d0%b8%d1%82\/\"]}]},{\"@type\":\"BreadcrumbList\",\"@id\":\"https:\/\/www.rovagro.com\/uk\/%d0%bf%d0%be%d0%bf%d0%b8%d1%82\/#breadcrumb\",\"itemListElement\":[{\"@type\":\"ListItem\",\"position\":1,\"name\":\"Anasayfa\",\"item\":\"https:\/\/www.rovagro.com\/uk\/\"},{\"@type\":\"ListItem\",\"position\":2,\"name\":\"\u041f\u043e\u043f\u0438\u0442\"}]},{\"@type\":\"WebSite\",\"@id\":\"https:\/\/www.rovagro.com\/uk\/#website\",\"url\":\"https:\/\/www.rovagro.com\/uk\/\",\"name\":\"Rovagro\",\"description\":\"Sustainable Supplier\",\"potentialAction\":[{\"@type\":\"SearchAction\",\"target\":{\"@type\":\"EntryPoint\",\"urlTemplate\":\"https:\/\/www.rovagro.com\/uk\/?s={search_term_string}\"},\"query-input\":{\"@type\":\"PropertyValueSpecification\",\"valueRequired\":true,\"valueName\":\"search_term_string\"}}],\"inLanguage\":\"uk\"}]}<\/script>\n<!-- \/ Yoast SEO plugin. -->","yoast_head_json":{"title":"\u041f\u043e\u043f\u0438\u0442 - Rovagro","robots":{"index":"index","follow":"follow","max-snippet":"max-snippet:-1","max-image-preview":"max-image-preview:large","max-video-preview":"max-video-preview:-1"},"canonical":"https:\/\/www.rovagro.com\/uk\/\u043f\u043e\u043f\u0438\u0442\/","og_locale":"uk_UA","og_type":"article","og_title":"\u041f\u043e\u043f\u0438\u0442 - Rovagro","og_description":"[vc_row css_animation=&#8221;&#8221; row_type=&#8221;row&#8221; use_row_as_full_screen_section=&#8221;no&#8221; type=&#8221;grid&#8221; angled_section=&#8221;no&#8221; text_align=&#8221;left&#8221; background_image_as_pattern=&#8221;without_pattern&#8221; z_index=&#8221;&#8221; padding_top=&#8221;50&#8243; padding_bottom=&#8221;50&#8243;][vc_column width=&#8221;1\/2&#8243; el_class=&#8221;talep-formu&#8221;][vc_column_text css=&#8221;&#8221;] \u0424\u043e\u0440\u043c\u0430 \u0437\u0430\u043f\u0438\u0442\u0443 [\/vc_column_text][vc_empty_space height=&#8221;40px&#8221;][\/vc_column][vc_column width=&#8221;1\/2&#8243;][vc_single_image image=&#8221;672&#8243; img_size=&#8221;full&#8221; css=&#8221;&#8221; qode_css_animation=&#8221;&#8221;][\/vc_column][\/vc_row]","og_url":"https:\/\/www.rovagro.com\/uk\/\u043f\u043e\u043f\u0438\u0442\/","og_site_name":"Rovagro","article_modified_time":"2024-06-10T11:17:02+00:00","twitter_card":"summary_large_image","twitter_misc":{"\u041f\u0440\u0438\u0431\u043b. \u0447\u0430\u0441 \u0447\u0438\u0442\u0430\u043d\u043d\u044f":"1 \u0445\u0432\u0438\u043b\u0438\u043d\u0430"},"schema":{"@context":"https:\/\/schema.org","@graph":[{"@type":"WebPage","@id":"https:\/\/www.rovagro.com\/uk\/%d0%bf%d0%be%d0%bf%d0%b8%d1%82\/","url":"https:\/\/www.rovagro.com\/uk\/%d0%bf%d0%be%d0%bf%d0%b8%d1%82\/","name":"\u041f\u043e\u043f\u0438\u0442 - Rovagro","isPartOf":{"@id":"https:\/\/www.rovagro.com\/uk\/#website"},"datePublished":"2024-06-06T20:10:17+00:00","dateModified":"2024-06-10T11:17:02+00:00","breadcrumb":{"@id":"https:\/\/www.rovagro.com\/uk\/%d0%bf%d0%be%d0%bf%d0%b8%d1%82\/#breadcrumb"},"inLanguage":"uk","potentialAction":[{"@type":"ReadAction","target":["https:\/\/www.rovagro.com\/uk\/%d0%bf%d0%be%d0%bf%d0%b8%d1%82\/"]}]},{"@type":"BreadcrumbList","@id":"https:\/\/www.rovagro.com\/uk\/%d0%bf%d0%be%d0%bf%d0%b8%d1%82\/#breadcrumb","itemListElement":[{"@type":"ListItem","position":1,"name":"Anasayfa","item":"https:\/\/www.rovagro.com\/uk\/"},{"@type":"ListItem","position":2,"name":"\u041f\u043e\u043f\u0438\u0442"}]},{"@type":"WebSite","@id":"https:\/\/www.rovagro.com\/uk\/#website","url":"https:\/\/www.rovagro.com\/uk\/","name":"Rovagro","description":"Sustainable Supplier","potentialAction":[{"@type":"SearchAction","target":{"@type":"EntryPoint","urlTemplate":"https:\/\/www.rovagro.com\/uk\/?s={search_term_string}"},"query-input":{"@type":"PropertyValueSpecification","valueRequired":true,"valueName":"search_term_string"}}],"inLanguage":"uk"}]}},"_links":{"self":[{"href":"https:\/\/www.rovagro.com\/uk\/wp-json\/wp\/v2\/pages\/239","targetHints":{"allow":["GET"]}}],"collection":[{"href":"https:\/\/www.rovagro.com\/uk\/wp-json\/wp\/v2\/pages"}],"about":[{"href":"https:\/\/www.rovagro.com\/uk\/wp-json\/wp\/v2\/types\/page"}],"author":[{"embeddable":true,"href":"https:\/\/www.rovagro.com\/uk\/wp-json\/wp\/v2\/users\/1"}],"replies":[{"embeddable":true,"href":"https:\/\/www.rovagro.com\/uk\/wp-json\/wp\/v2\/comments?post=239"}],"version-history":[{"count":13,"href":"https:\/\/www.rovagro.com\/uk\/wp-json\/wp\/v2\/pages\/239\/revisions"}],"predecessor-version":[{"id":723,"href":"https:\/\/www.rovagro.com\/uk\/wp-json\/wp\/v2\/pages\/239\/revisions\/723"}],"wp:attachment":[{"href":"https:\/\/www.rovagro.com\/uk\/wp-json\/wp\/v2\/media?parent=239"}],"curies":[{"name":"wp","href":"https:\/\/api.w.org\/{rel}","templated":true}]}}