{"id":404,"date":"2024-06-07T21:56:51","date_gmt":"2024-06-07T18:56:51","guid":{"rendered":"https:\/\/www.rovagro.com\/tr\/?page_id=404"},"modified":"2024-06-09T23:43:49","modified_gmt":"2024-06-09T20:43:49","slug":"surdurebilirlik","status":"publish","type":"page","link":"https:\/\/www.rovagro.com\/tr\/surdurebilirlik\/","title":{"rendered":"S\u00fcrd\u00fcrebilirlik"},"content":{"rendered":"<div class=\"wpb-content-wrapper\"><p>[vc_row css_animation=&#8221;&#8221; row_type=&#8221;row&#8221; use_row_as_full_screen_section=&#8221;no&#8221; type=&#8221;grid&#8221; angled_section=&#8221;no&#8221; text_align=&#8221;left&#8221; background_image_as_pattern=&#8221;without_pattern&#8221; z_index=&#8221;&#8221; padding_top=&#8221;50&#8243; padding_bottom=&#8221;50&#8243;][vc_column width=&#8221;1\/2&#8243;][vc_column_text css=&#8221;&#8221;]<\/p>\n<h3>S\u00fcrd\u00fcr\u00fclebilirlik Yakla\u015f\u0131m\u0131m\u0131z<\/h3>\n<p>[\/vc_column_text][vc_empty_space height=&#8221;5&#8243;][vc_column_text css=&#8221;&#8221;]<\/p>\n<h4>&#8221; Gelecek Nesillere Ya\u015fanabilir Bir D\u00fcnya B\u0131rakmay\u0131 Ama\u00e7l\u0131yoruz &#8220;<\/h4>\n<p>&nbsp;<\/p>\n<p>Rovagro olarak, s\u00fcrd\u00fcr\u00fclebilirlik misyonunu i\u015fimizin temeline yerle\u015ftirdik. \u00c7evreye duyarl\u0131 uygulamalarla karbon ayak izimizi azalt\u0131yor, do\u011fal kaynaklar\u0131 koruyor ve biyo\u00e7e\u015fitlili\u011fi destekliyoruz. Ayn\u0131 zamanda, yerel topluluklar\u0131n ihtiya\u00e7lar\u0131n\u0131 anlamak ve desteklemek i\u00e7in aktif bir rol oynuyoruz.<\/p>\n<p>&nbsp;<\/p>\n<p>Tedarik zincirimizin her a\u015famas\u0131nda sosyal ve ekonomik sorumlulu\u011fumuzu yerine getirirken, etik de\u011ferlere ve en y\u00fcksek standartlara ba\u011fl\u0131 kal\u0131yoruz. Rovagro olarak, tar\u0131m\u0131n gelece\u011fini \u015fekillendirmede s\u00fcrd\u00fcr\u00fclebilirlik ilkelerini merkeze al\u0131yoruz ve ye\u015fil, adil ve ya\u015fanabilir bir d\u00fcnya i\u00e7in \u00e7aba sarf ediyoruz.[\/vc_column_text][vc_empty_space height=&#8221;40px&#8221;][\/vc_column][vc_column width=&#8221;1\/2&#8243;][vc_single_image image=&#8221;436&#8243; img_size=&#8221;full&#8221; css=&#8221;&#8221; qode_css_animation=&#8221;&#8221;][\/vc_column][\/vc_row][vc_row css_animation=&#8221;&#8221; row_type=&#8221;row&#8221; use_row_as_full_screen_section=&#8221;no&#8221; type=&#8221;full_width&#8221; angled_section=&#8221;no&#8221; text_align=&#8221;left&#8221; background_image_as_pattern=&#8221;without_pattern&#8221; css=&#8221;.vc_custom_1717840477383{background-color: #f8f8f8 !important;}&#8221; z_index=&#8221;&#8221; padding_top=&#8221;50&#8243; padding_bottom=&#8221;20&#8243;][vc_column][vc_row_inner row_type=&#8221;row&#8221; type=&#8221;grid&#8221; text_align=&#8221;left&#8221; css_animation=&#8221;&#8221;][vc_column_inner width=&#8221;1\/3&#8243;]<div class='q_icon_with_title medium custom_icon_image center '><div class=\"icon_holder \" style=\" \"><img decoding=\"async\" itemprop=\"image\" style=\"\" src=\"https:\/\/www.rovagro.com\/tr\/wp-content\/uploads\/2024\/06\/icon-surdurulebilirlik-1.png\" alt=\"\"><\/div><div class=\"icon_text_holder\" style=\"\"><div class=\"icon_text_inner\" style=\"\"><h3 class=\"icon_title\" style=\"\">Do\u011faya Sayg\u0131<\/h3><p style=''>Rovagro olarak, do\u011fan\u0131n korunmas\u0131 ve s\u00fcrd\u00fcr\u00fclebilir kullan\u0131m\u0131 konusunda kararl\u0131y\u0131z. Do\u011faya sayg\u0131l\u0131 uygulamalarla \u00e7evremizi korumay\u0131 ve biyo\u00e7e\u015fitlili\u011fi desteklemeyi taahh\u00fct ediyoruz.<\/p><\/div><\/div><\/div>[vc_empty_space height=&#8221;10&#8243;][\/vc_column_inner][vc_column_inner width=&#8221;1\/3&#8243;]<div class='q_icon_with_title medium custom_icon_image center '><div class=\"icon_holder \" style=\" \"><img decoding=\"async\" itemprop=\"image\" style=\"\" src=\"https:\/\/www.rovagro.com\/tr\/wp-content\/uploads\/2024\/06\/icon-surdurulebilirlik-2.png\" alt=\"\"><\/div><div class=\"icon_text_holder\" style=\"\"><div class=\"icon_text_inner\" style=\"\"><h3 class=\"icon_title\" style=\"\">\u00c7evre Dostu Tar\u0131msal \u00dcretim<\/h3><p style=''>Rovagro olarak, \u00e7evre dostu tar\u0131msal \u00fcretimi benimsiyoruz. Do\u011faya zarar vermeden ve kaynaklar\u0131 verimli bir \u015fekilde kullanarak s\u00fcrd\u00fcr\u00fclebilir tar\u0131m uygulamalar\u0131n\u0131 destekliyoruz.<\/p><\/div><\/div><\/div>[vc_empty_space height=&#8221;10&#8243;][\/vc_column_inner][vc_column_inner width=&#8221;1\/3&#8243;]<div class='q_icon_with_title medium custom_icon_image center '><div class=\"icon_holder \" style=\" \"><img decoding=\"async\" itemprop=\"image\" style=\"\" src=\"https:\/\/www.rovagro.com\/tr\/wp-content\/uploads\/2024\/06\/icon-surdurulebilirlik-3.png\" alt=\"\"><\/div><div class=\"icon_text_holder\" style=\"\"><div class=\"icon_text_inner\" style=\"\"><h3 class=\"icon_title\" style=\"\">Yenilenebilir Enerji<\/h3><p style=''>Rovagro, yenilenebilir enerjiyi destekler. S\u00fcrd\u00fcr\u00fclebilir tar\u0131m uygulamalar\u0131yla uyumlu olarak, enerji t\u00fcketimini minimize eder ve \u00e7evresel etkiyi azalt\u0131r.<\/p><\/div><\/div><\/div>[vc_empty_space height=&#8221;10&#8243;][\/vc_column_inner][\/vc_row_inner][\/vc_column][\/vc_row]<\/p>\n<\/div>","protected":false},"excerpt":{"rendered":"<p>[vc_row css_animation=&#8221;&#8221; row_type=&#8221;row&#8221; use_row_as_full_screen_section=&#8221;no&#8221; type=&#8221;grid&#8221; angled_section=&#8221;no&#8221; text_align=&#8221;left&#8221; background_image_as_pattern=&#8221;without_pattern&#8221; z_index=&#8221;&#8221; padding_top=&#8221;50&#8243; padding_bottom=&#8221;50&#8243;][vc_column width=&#8221;1\/2&#8243;][vc_column_text css=&#8221;&#8221;] S\u00fcrd\u00fcr\u00fclebilirlik Yakla\u015f\u0131m\u0131m\u0131z [\/vc_column_text][vc_empty_space height=&#8221;5&#8243;][vc_column_text css=&#8221;&#8221;] &#8221; Gelecek Nesillere Ya\u015fanabilir Bir D\u00fcnya B\u0131rakmay\u0131 Ama\u00e7l\u0131yoruz &#8220; &nbsp; Rovagro olarak, s\u00fcrd\u00fcr\u00fclebilirlik misyonunu i\u015fimizin temeline yerle\u015ftirdik. \u00c7evreye duyarl\u0131 uygulamalarla karbon ayak izimizi azalt\u0131yor, do\u011fal kaynaklar\u0131 koruyor&#8230;<\/p>\n","protected":false},"author":1,"featured_media":0,"parent":0,"menu_order":0,"comment_status":"closed","ping_status":"closed","template":"full_width.php","meta":{"footnotes":""},"class_list":["post-404","page","type-page","status-publish","hentry"],"yoast_head":"<!-- This site is optimized with the Yoast SEO plugin v23.5 - https:\/\/yoast.com\/wordpress\/plugins\/seo\/ -->\n<title>S\u00fcrd\u00fcrebilirlik - Rovagro<\/title>\n<meta name=\"robots\" content=\"index, follow, max-snippet:-1, max-image-preview:large, max-video-preview:-1\" \/>\n<link rel=\"canonical\" href=\"https:\/\/www.rovagro.com\/tr\/surdurebilirlik\/\" \/>\n<meta property=\"og:locale\" content=\"tr_TR\" \/>\n<meta property=\"og:type\" content=\"article\" \/>\n<meta property=\"og:title\" content=\"S\u00fcrd\u00fcrebilirlik - Rovagro\" \/>\n<meta property=\"og:description\" content=\"[vc_row css_animation=&#8221;&#8221; row_type=&#8221;row&#8221; use_row_as_full_screen_section=&#8221;no&#8221; type=&#8221;grid&#8221; angled_section=&#8221;no&#8221; text_align=&#8221;left&#8221; background_image_as_pattern=&#8221;without_pattern&#8221; z_index=&#8221;&#8221; padding_top=&#8221;50&#8243; padding_bottom=&#8221;50&#8243;][vc_column width=&#8221;1\/2&#8243;][vc_column_text css=&#8221;&#8221;] S\u00fcrd\u00fcr\u00fclebilirlik Yakla\u015f\u0131m\u0131m\u0131z [\/vc_column_text][vc_empty_space height=&#8221;5&#8243;][vc_column_text css=&#8221;&#8221;] &#8221; Gelecek Nesillere Ya\u015fanabilir Bir D\u00fcnya B\u0131rakmay\u0131 Ama\u00e7l\u0131yoruz &#8220; &nbsp; Rovagro olarak, s\u00fcrd\u00fcr\u00fclebilirlik misyonunu i\u015fimizin temeline yerle\u015ftirdik. \u00c7evreye duyarl\u0131 uygulamalarla karbon ayak izimizi azalt\u0131yor, do\u011fal kaynaklar\u0131 koruyor...\" \/>\n<meta property=\"og:url\" content=\"https:\/\/www.rovagro.com\/tr\/surdurebilirlik\/\" \/>\n<meta property=\"og:site_name\" content=\"Rovagro\" \/>\n<meta property=\"article:modified_time\" content=\"2024-06-09T20:43:49+00:00\" \/>\n<meta name=\"twitter:card\" content=\"summary_large_image\" \/>\n<meta name=\"twitter:label1\" content=\"Tahmini okuma s\u00fcresi\" \/>\n\t<meta name=\"twitter:data1\" content=\"3 dakika\" \/>\n<script type=\"application\/ld+json\" class=\"yoast-schema-graph\">{\"@context\":\"https:\/\/schema.org\",\"@graph\":[{\"@type\":\"WebPage\",\"@id\":\"https:\/\/www.rovagro.com\/tr\/surdurebilirlik\/\",\"url\":\"https:\/\/www.rovagro.com\/tr\/surdurebilirlik\/\",\"name\":\"S\u00fcrd\u00fcrebilirlik - Rovagro\",\"isPartOf\":{\"@id\":\"https:\/\/www.rovagro.com\/tr\/#website\"},\"datePublished\":\"2024-06-07T18:56:51+00:00\",\"dateModified\":\"2024-06-09T20:43:49+00:00\",\"breadcrumb\":{\"@id\":\"https:\/\/www.rovagro.com\/tr\/surdurebilirlik\/#breadcrumb\"},\"inLanguage\":\"tr\",\"potentialAction\":[{\"@type\":\"ReadAction\",\"target\":[\"https:\/\/www.rovagro.com\/tr\/surdurebilirlik\/\"]}]},{\"@type\":\"BreadcrumbList\",\"@id\":\"https:\/\/www.rovagro.com\/tr\/surdurebilirlik\/#breadcrumb\",\"itemListElement\":[{\"@type\":\"ListItem\",\"position\":1,\"name\":\"Anasayfa\",\"item\":\"https:\/\/www.rovagro.com\/tr\/\"},{\"@type\":\"ListItem\",\"position\":2,\"name\":\"S\u00fcrd\u00fcrebilirlik\"}]},{\"@type\":\"WebSite\",\"@id\":\"https:\/\/www.rovagro.com\/tr\/#website\",\"url\":\"https:\/\/www.rovagro.com\/tr\/\",\"name\":\"Rovagro\",\"description\":\"S\u00fcrd\u00fcrebilir Tedarik\u00e7i\",\"potentialAction\":[{\"@type\":\"SearchAction\",\"target\":{\"@type\":\"EntryPoint\",\"urlTemplate\":\"https:\/\/www.rovagro.com\/tr\/?s={search_term_string}\"},\"query-input\":{\"@type\":\"PropertyValueSpecification\",\"valueRequired\":true,\"valueName\":\"search_term_string\"}}],\"inLanguage\":\"tr\"}]}<\/script>\n<!-- \/ Yoast SEO plugin. -->","yoast_head_json":{"title":"S\u00fcrd\u00fcrebilirlik - Rovagro","robots":{"index":"index","follow":"follow","max-snippet":"max-snippet:-1","max-image-preview":"max-image-preview:large","max-video-preview":"max-video-preview:-1"},"canonical":"https:\/\/www.rovagro.com\/tr\/surdurebilirlik\/","og_locale":"tr_TR","og_type":"article","og_title":"S\u00fcrd\u00fcrebilirlik - Rovagro","og_description":"[vc_row css_animation=&#8221;&#8221; row_type=&#8221;row&#8221; use_row_as_full_screen_section=&#8221;no&#8221; type=&#8221;grid&#8221; angled_section=&#8221;no&#8221; text_align=&#8221;left&#8221; background_image_as_pattern=&#8221;without_pattern&#8221; z_index=&#8221;&#8221; padding_top=&#8221;50&#8243; padding_bottom=&#8221;50&#8243;][vc_column width=&#8221;1\/2&#8243;][vc_column_text css=&#8221;&#8221;] S\u00fcrd\u00fcr\u00fclebilirlik Yakla\u015f\u0131m\u0131m\u0131z [\/vc_column_text][vc_empty_space height=&#8221;5&#8243;][vc_column_text css=&#8221;&#8221;] &#8221; Gelecek Nesillere Ya\u015fanabilir Bir D\u00fcnya B\u0131rakmay\u0131 Ama\u00e7l\u0131yoruz &#8220; &nbsp; Rovagro olarak, s\u00fcrd\u00fcr\u00fclebilirlik misyonunu i\u015fimizin temeline yerle\u015ftirdik. \u00c7evreye duyarl\u0131 uygulamalarla karbon ayak izimizi azalt\u0131yor, do\u011fal kaynaklar\u0131 koruyor...","og_url":"https:\/\/www.rovagro.com\/tr\/surdurebilirlik\/","og_site_name":"Rovagro","article_modified_time":"2024-06-09T20:43:49+00:00","twitter_card":"summary_large_image","twitter_misc":{"Tahmini okuma s\u00fcresi":"3 dakika"},"schema":{"@context":"https:\/\/schema.org","@graph":[{"@type":"WebPage","@id":"https:\/\/www.rovagro.com\/tr\/surdurebilirlik\/","url":"https:\/\/www.rovagro.com\/tr\/surdurebilirlik\/","name":"S\u00fcrd\u00fcrebilirlik - Rovagro","isPartOf":{"@id":"https:\/\/www.rovagro.com\/tr\/#website"},"datePublished":"2024-06-07T18:56:51+00:00","dateModified":"2024-06-09T20:43:49+00:00","breadcrumb":{"@id":"https:\/\/www.rovagro.com\/tr\/surdurebilirlik\/#breadcrumb"},"inLanguage":"tr","potentialAction":[{"@type":"ReadAction","target":["https:\/\/www.rovagro.com\/tr\/surdurebilirlik\/"]}]},{"@type":"BreadcrumbList","@id":"https:\/\/www.rovagro.com\/tr\/surdurebilirlik\/#breadcrumb","itemListElement":[{"@type":"ListItem","position":1,"name":"Anasayfa","item":"https:\/\/www.rovagro.com\/tr\/"},{"@type":"ListItem","position":2,"name":"S\u00fcrd\u00fcrebilirlik"}]},{"@type":"WebSite","@id":"https:\/\/www.rovagro.com\/tr\/#website","url":"https:\/\/www.rovagro.com\/tr\/","name":"Rovagro","description":"S\u00fcrd\u00fcrebilir Tedarik\u00e7i","potentialAction":[{"@type":"SearchAction","target":{"@type":"EntryPoint","urlTemplate":"https:\/\/www.rovagro.com\/tr\/?s={search_term_string}"},"query-input":{"@type":"PropertyValueSpecification","valueRequired":true,"valueName":"search_term_string"}}],"inLanguage":"tr"}]}},"_links":{"self":[{"href":"https:\/\/www.rovagro.com\/tr\/wp-json\/wp\/v2\/pages\/404","targetHints":{"allow":["GET"]}}],"collection":[{"href":"https:\/\/www.rovagro.com\/tr\/wp-json\/wp\/v2\/pages"}],"about":[{"href":"https:\/\/www.rovagro.com\/tr\/wp-json\/wp\/v2\/types\/page"}],"author":[{"embeddable":true,"href":"https:\/\/www.rovagro.com\/tr\/wp-json\/wp\/v2\/users\/1"}],"replies":[{"embeddable":true,"href":"https:\/\/www.rovagro.com\/tr\/wp-json\/wp\/v2\/comments?post=404"}],"version-history":[{"count":18,"href":"https:\/\/www.rovagro.com\/tr\/wp-json\/wp\/v2\/pages\/404\/revisions"}],"predecessor-version":[{"id":648,"href":"https:\/\/www.rovagro.com\/tr\/wp-json\/wp\/v2\/pages\/404\/revisions\/648"}],"wp:attachment":[{"href":"https:\/\/www.rovagro.com\/tr\/wp-json\/wp\/v2\/media?parent=404"}],"curies":[{"name":"wp","href":"https:\/\/api.w.org\/{rel}","templated":true}]}}