{"id":378,"date":"2024-06-07T21:34:04","date_gmt":"2024-06-07T18:34:04","guid":{"rendered":"https:\/\/www.rovagro.com\/tr\/?page_id=378"},"modified":"2024-06-07T21:40:08","modified_gmt":"2024-06-07T18:40:08","slug":"risk-yonetimi","status":"publish","type":"page","link":"https:\/\/www.rovagro.com\/tr\/risk-yonetimi\/","title":{"rendered":"Risk Y\u00f6netimi"},"content":{"rendered":"<div class=\"wpb-content-wrapper\"><p>[vc_row css_animation=&#8221;&#8221; row_type=&#8221;row&#8221; use_row_as_full_screen_section=&#8221;no&#8221; type=&#8221;grid&#8221; angled_section=&#8221;no&#8221; text_align=&#8221;left&#8221; background_image_as_pattern=&#8221;without_pattern&#8221; z_index=&#8221;&#8221; padding_top=&#8221;50&#8243; padding_bottom=&#8221;50&#8243;][vc_column][vc_column_text css=&#8221;&#8221;]Tedarik zincirimizin her bir a\u015famas\u0131nda uzman \u00fcyelerden olu\u015fan y\u00f6netim kadromuz, al\u0131nacak t\u00fcm stratejik kararlarda \u015firketin risk, b\u00fcy\u00fcme ve gelir dengesini en uygun d\u00fczeyde tutar. Ak\u0131lc\u0131, b\u00f6lgenin ger\u00e7ekleriyle uyumlu ve tedbirli risk y\u00f6netimi anlay\u0131\u015f\u0131yla \u015firketin uzun vadeli \u00e7\u0131karlar\u0131n\u0131 ve s\u00fcrd\u00fcr\u00fclebilirli\u011fini g\u00f6zeterek \u015firketi idare ve temsil eder.<\/p>\n<p>&nbsp;<\/p>\n<p>Risk y\u00f6netimi uzmanlar\u0131m\u0131zdan olu\u015fan bir ekip, k\u00fcresel \u00e7apta ve geni\u015f yelpazede \u00fcr\u00fcn portf\u00f6y\u00fcn\u00fc y\u00f6neten her seviyede y\u00f6neticiye, i\u015fin do\u011fas\u0131nda olan geni\u015f ve karma\u015f\u0131k riskleri tespit etmeleri konusunda yard\u0131mc\u0131 olur.<\/p>\n<p>&nbsp;<\/p>\n<p>\u0130cra Kurulu ve di\u011fer alt komitelerimiz ise \u015firketin t\u00fcm faaliyetlerinin; \u015feffaf, hesap verilebilir, adil ve sorumlu bir \u015fekilde y\u00fcr\u00fct\u00fclmesine dikkat eder. Al\u0131nan t\u00fcm kararlarda ba\u015fta do\u011fan\u0131n ve \u00e7evrenin, ard\u0131ndan \u015firket \u00e7al\u0131\u015fanlar\u0131n\u0131n ve di\u011fer payda\u015flar\u0131n haklar\u0131n\u0131n korunmas\u0131 ve adil payla\u015f\u0131m\u0131 bizim i\u00e7in her zaman esas ilkedir.<\/p>\n<p>&nbsp;<\/p>\n<h4><strong>Proaktif Risk Durum Analizleri<\/strong><\/h4>\n<p>Risk Komitemiz; piyasa riski, finansal riskler ve operasyonel risklerin organizasyonun t\u00fcm seviyelerinde izlendi\u011finden ve kontrol alt\u0131na al\u0131nd\u0131\u011f\u0131ndan emin olur. Y\u00f6netim Kurulu \u00fcyelerinin de kat\u0131l\u0131m\u0131 ile d\u00fczenli aral\u0131klarla toplanan Risk Komitemiz, risk durum analizleri yaparak t\u00fcm aksiyonlar\u0131 planlar ve mevcut aksiyonlar\u0131n g\u00fcncel durumlar\u0131n\u0131 takip eder. Risk Komitesi \u00fc\u00e7 ayda bir d\u00fczenlenen y\u00f6netim toplant\u0131lar\u0131nda haz\u0131rlad\u0131\u011f\u0131 risk y\u00f6netim raporunu payla\u015f\u0131r.<\/p>\n<p>&nbsp;<\/p>\n<p>Yakla\u015f\u0131k 20 senedir, d\u00fczenli \u015fekilde risk y\u00f6netimi analizi ile hem siyasal hem ekonomik hem de tar\u0131m piyasas\u0131ndaki dalgalanmalar\u0131 \u00fcst d\u00fczey bir \u015fekilde y\u00f6neterek rakiplerimizden ayr\u0131\u015f\u0131yoruz.[\/vc_column_text][\/vc_column][\/vc_row]<\/p>\n<\/div>","protected":false},"excerpt":{"rendered":"<p>[vc_row css_animation=&#8221;&#8221; row_type=&#8221;row&#8221; use_row_as_full_screen_section=&#8221;no&#8221; type=&#8221;grid&#8221; angled_section=&#8221;no&#8221; text_align=&#8221;left&#8221; background_image_as_pattern=&#8221;without_pattern&#8221; z_index=&#8221;&#8221; padding_top=&#8221;50&#8243; padding_bottom=&#8221;50&#8243;][vc_column][vc_column_text css=&#8221;&#8221;]Tedarik zincirimizin her bir a\u015famas\u0131nda uzman \u00fcyelerden olu\u015fan y\u00f6netim kadromuz, al\u0131nacak t\u00fcm stratejik kararlarda \u015firketin risk, b\u00fcy\u00fcme ve gelir dengesini en uygun d\u00fczeyde tutar. Ak\u0131lc\u0131, b\u00f6lgenin ger\u00e7ekleriyle uyumlu ve tedbirli risk y\u00f6netimi anlay\u0131\u015f\u0131yla \u015firketin&#8230;<\/p>\n","protected":false},"author":1,"featured_media":0,"parent":0,"menu_order":0,"comment_status":"closed","ping_status":"closed","template":"full_width.php","meta":{"footnotes":""},"class_list":["post-378","page","type-page","status-publish","hentry"],"yoast_head":"<!-- This site is optimized with the Yoast SEO plugin v23.5 - https:\/\/yoast.com\/wordpress\/plugins\/seo\/ -->\n<title>Risk Y\u00f6netimi - Rovagro<\/title>\n<meta name=\"robots\" content=\"index, follow, max-snippet:-1, max-image-preview:large, max-video-preview:-1\" \/>\n<link rel=\"canonical\" href=\"https:\/\/www.rovagro.com\/tr\/risk-yonetimi\/\" \/>\n<meta property=\"og:locale\" content=\"tr_TR\" \/>\n<meta property=\"og:type\" content=\"article\" \/>\n<meta property=\"og:title\" content=\"Risk Y\u00f6netimi - Rovagro\" \/>\n<meta property=\"og:description\" content=\"[vc_row css_animation=&#8221;&#8221; row_type=&#8221;row&#8221; use_row_as_full_screen_section=&#8221;no&#8221; type=&#8221;grid&#8221; angled_section=&#8221;no&#8221; text_align=&#8221;left&#8221; background_image_as_pattern=&#8221;without_pattern&#8221; z_index=&#8221;&#8221; padding_top=&#8221;50&#8243; padding_bottom=&#8221;50&#8243;][vc_column][vc_column_text css=&#8221;&#8221;]Tedarik zincirimizin her bir a\u015famas\u0131nda uzman \u00fcyelerden olu\u015fan y\u00f6netim kadromuz, al\u0131nacak t\u00fcm stratejik kararlarda \u015firketin risk, b\u00fcy\u00fcme ve gelir dengesini en uygun d\u00fczeyde tutar. Ak\u0131lc\u0131, b\u00f6lgenin ger\u00e7ekleriyle uyumlu ve tedbirli risk y\u00f6netimi anlay\u0131\u015f\u0131yla \u015firketin...\" \/>\n<meta property=\"og:url\" content=\"https:\/\/www.rovagro.com\/tr\/risk-yonetimi\/\" \/>\n<meta property=\"og:site_name\" content=\"Rovagro\" \/>\n<meta property=\"article:modified_time\" content=\"2024-06-07T18:40:08+00:00\" \/>\n<meta name=\"twitter:card\" content=\"summary_large_image\" \/>\n<meta name=\"twitter:label1\" content=\"Tahmini okuma s\u00fcresi\" \/>\n\t<meta name=\"twitter:data1\" content=\"2 dakika\" \/>\n<script type=\"application\/ld+json\" class=\"yoast-schema-graph\">{\"@context\":\"https:\/\/schema.org\",\"@graph\":[{\"@type\":\"WebPage\",\"@id\":\"https:\/\/www.rovagro.com\/tr\/risk-yonetimi\/\",\"url\":\"https:\/\/www.rovagro.com\/tr\/risk-yonetimi\/\",\"name\":\"Risk Y\u00f6netimi - Rovagro\",\"isPartOf\":{\"@id\":\"https:\/\/www.rovagro.com\/tr\/#website\"},\"datePublished\":\"2024-06-07T18:34:04+00:00\",\"dateModified\":\"2024-06-07T18:40:08+00:00\",\"breadcrumb\":{\"@id\":\"https:\/\/www.rovagro.com\/tr\/risk-yonetimi\/#breadcrumb\"},\"inLanguage\":\"tr\",\"potentialAction\":[{\"@type\":\"ReadAction\",\"target\":[\"https:\/\/www.rovagro.com\/tr\/risk-yonetimi\/\"]}]},{\"@type\":\"BreadcrumbList\",\"@id\":\"https:\/\/www.rovagro.com\/tr\/risk-yonetimi\/#breadcrumb\",\"itemListElement\":[{\"@type\":\"ListItem\",\"position\":1,\"name\":\"Anasayfa\",\"item\":\"https:\/\/www.rovagro.com\/tr\/\"},{\"@type\":\"ListItem\",\"position\":2,\"name\":\"Risk Y\u00f6netimi\"}]},{\"@type\":\"WebSite\",\"@id\":\"https:\/\/www.rovagro.com\/tr\/#website\",\"url\":\"https:\/\/www.rovagro.com\/tr\/\",\"name\":\"Rovagro\",\"description\":\"S\u00fcrd\u00fcrebilir Tedarik\u00e7i\",\"potentialAction\":[{\"@type\":\"SearchAction\",\"target\":{\"@type\":\"EntryPoint\",\"urlTemplate\":\"https:\/\/www.rovagro.com\/tr\/?s={search_term_string}\"},\"query-input\":{\"@type\":\"PropertyValueSpecification\",\"valueRequired\":true,\"valueName\":\"search_term_string\"}}],\"inLanguage\":\"tr\"}]}<\/script>\n<!-- \/ Yoast SEO plugin. -->","yoast_head_json":{"title":"Risk Y\u00f6netimi - Rovagro","robots":{"index":"index","follow":"follow","max-snippet":"max-snippet:-1","max-image-preview":"max-image-preview:large","max-video-preview":"max-video-preview:-1"},"canonical":"https:\/\/www.rovagro.com\/tr\/risk-yonetimi\/","og_locale":"tr_TR","og_type":"article","og_title":"Risk Y\u00f6netimi - Rovagro","og_description":"[vc_row css_animation=&#8221;&#8221; row_type=&#8221;row&#8221; use_row_as_full_screen_section=&#8221;no&#8221; type=&#8221;grid&#8221; angled_section=&#8221;no&#8221; text_align=&#8221;left&#8221; background_image_as_pattern=&#8221;without_pattern&#8221; z_index=&#8221;&#8221; padding_top=&#8221;50&#8243; padding_bottom=&#8221;50&#8243;][vc_column][vc_column_text css=&#8221;&#8221;]Tedarik zincirimizin her bir a\u015famas\u0131nda uzman \u00fcyelerden olu\u015fan y\u00f6netim kadromuz, al\u0131nacak t\u00fcm stratejik kararlarda \u015firketin risk, b\u00fcy\u00fcme ve gelir dengesini en uygun d\u00fczeyde tutar. Ak\u0131lc\u0131, b\u00f6lgenin ger\u00e7ekleriyle uyumlu ve tedbirli risk y\u00f6netimi anlay\u0131\u015f\u0131yla \u015firketin...","og_url":"https:\/\/www.rovagro.com\/tr\/risk-yonetimi\/","og_site_name":"Rovagro","article_modified_time":"2024-06-07T18:40:08+00:00","twitter_card":"summary_large_image","twitter_misc":{"Tahmini okuma s\u00fcresi":"2 dakika"},"schema":{"@context":"https:\/\/schema.org","@graph":[{"@type":"WebPage","@id":"https:\/\/www.rovagro.com\/tr\/risk-yonetimi\/","url":"https:\/\/www.rovagro.com\/tr\/risk-yonetimi\/","name":"Risk Y\u00f6netimi - Rovagro","isPartOf":{"@id":"https:\/\/www.rovagro.com\/tr\/#website"},"datePublished":"2024-06-07T18:34:04+00:00","dateModified":"2024-06-07T18:40:08+00:00","breadcrumb":{"@id":"https:\/\/www.rovagro.com\/tr\/risk-yonetimi\/#breadcrumb"},"inLanguage":"tr","potentialAction":[{"@type":"ReadAction","target":["https:\/\/www.rovagro.com\/tr\/risk-yonetimi\/"]}]},{"@type":"BreadcrumbList","@id":"https:\/\/www.rovagro.com\/tr\/risk-yonetimi\/#breadcrumb","itemListElement":[{"@type":"ListItem","position":1,"name":"Anasayfa","item":"https:\/\/www.rovagro.com\/tr\/"},{"@type":"ListItem","position":2,"name":"Risk Y\u00f6netimi"}]},{"@type":"WebSite","@id":"https:\/\/www.rovagro.com\/tr\/#website","url":"https:\/\/www.rovagro.com\/tr\/","name":"Rovagro","description":"S\u00fcrd\u00fcrebilir Tedarik\u00e7i","potentialAction":[{"@type":"SearchAction","target":{"@type":"EntryPoint","urlTemplate":"https:\/\/www.rovagro.com\/tr\/?s={search_term_string}"},"query-input":{"@type":"PropertyValueSpecification","valueRequired":true,"valueName":"search_term_string"}}],"inLanguage":"tr"}]}},"_links":{"self":[{"href":"https:\/\/www.rovagro.com\/tr\/wp-json\/wp\/v2\/pages\/378","targetHints":{"allow":["GET"]}}],"collection":[{"href":"https:\/\/www.rovagro.com\/tr\/wp-json\/wp\/v2\/pages"}],"about":[{"href":"https:\/\/www.rovagro.com\/tr\/wp-json\/wp\/v2\/types\/page"}],"author":[{"embeddable":true,"href":"https:\/\/www.rovagro.com\/tr\/wp-json\/wp\/v2\/users\/1"}],"replies":[{"embeddable":true,"href":"https:\/\/www.rovagro.com\/tr\/wp-json\/wp\/v2\/comments?post=378"}],"version-history":[{"count":5,"href":"https:\/\/www.rovagro.com\/tr\/wp-json\/wp\/v2\/pages\/378\/revisions"}],"predecessor-version":[{"id":393,"href":"https:\/\/www.rovagro.com\/tr\/wp-json\/wp\/v2\/pages\/378\/revisions\/393"}],"wp:attachment":[{"href":"https:\/\/www.rovagro.com\/tr\/wp-json\/wp\/v2\/media?parent=378"}],"curies":[{"name":"wp","href":"https:\/\/api.w.org\/{rel}","templated":true}]}}