{"id":373,"date":"2024-06-07T21:31:50","date_gmt":"2024-06-07T18:31:50","guid":{"rendered":"https:\/\/www.rovagro.com\/tr\/?page_id=373"},"modified":"2024-06-07T21:32:18","modified_gmt":"2024-06-07T18:32:18","slug":"bilgi-guvenligi","status":"publish","type":"page","link":"https:\/\/www.rovagro.com\/tr\/bilgi-guvenligi\/","title":{"rendered":"Bilgi G\u00fcvenli\u011fi"},"content":{"rendered":"<div class=\"wpb-content-wrapper\"><p>[vc_row css_animation=&#8221;&#8221; row_type=&#8221;row&#8221; use_row_as_full_screen_section=&#8221;no&#8221; type=&#8221;grid&#8221; angled_section=&#8221;no&#8221; text_align=&#8221;left&#8221; background_image_as_pattern=&#8221;without_pattern&#8221; z_index=&#8221;&#8221; padding_top=&#8221;50&#8243; padding_bottom=&#8221;50&#8243;][vc_column][vc_column_text css=&#8221;&#8221;]<\/p>\n<h4>Rovagro olarak bilgi g\u00fcvenli\u011fi politikam\u0131z dahilinde ;<\/h4>\n<p>&nbsp;<\/p>\n<ul>\n<li>Y\u00fcr\u00fct\u00fclen faaliyetlerin etkin, do\u011fru, h\u0131zl\u0131 ve g\u00fcvenli olarak ger\u00e7ekle\u015ftirilmesini temin etmeyi,<\/li>\n<li>Bilgi varl\u0131klar\u0131, de\u011ferleri, g\u00fcvenlik ihtiya\u00e7lar\u0131, zafiyetleri, varl\u0131klara y\u00f6nelik tehditlerin, tehditlerin s\u0131kl\u0131klar\u0131n\u0131n saptanmas\u0131 i\u00e7in y\u00f6ntemlerin belirleyece\u011fi \u00e7er\u00e7eveyi tan\u0131mlamay\u0131,<\/li>\n<li>Hizmet verilen kapsam ba\u011flam\u0131nda teknolojik beklentileri g\u00f6zden ge\u00e7irerek riskleri s\u00fcrekli takip etmeyi,<\/li>\n<li>T\u00fcm m\u00fc\u015fteri \u015fartlar\u0131na ve yasal y\u00fck\u00fcml\u00fcl\u00fcklere uyum sa\u011flamay\u0131,<\/li>\n<li>Firmam\u0131za, m\u00fc\u015fterilerimize, tedarik\u00e7i ve i\u015f ortaklar\u0131m\u0131za ait her t\u00fcrl\u00fc bilgi varl\u0131\u011f\u0131n\u0131n gizlilik, eri\u015filebilirlik ve b\u00fct\u00fcnl\u00fckleri \u00fczerindeki risklerin fark\u0131nda olmak ve bu riskleri y\u00f6netmeyi,<\/li>\n<li>E\u011fitim ve dan\u0131\u015fmanl\u0131kta s\u00fcreklilikle bilgi g\u00fcvenli\u011fi olgusuna firma genelinde tam kat\u0131l\u0131m ve bilgi g\u00fcvenli\u011finde y\u00fcksek fark\u0131ndal\u0131k yaratmay\u0131,<\/li>\n<li>Bilgi g\u00fcvenli\u011fini sistematik olarak ele alarak s\u00fcrekli iyile\u015fen, geli\u015fen ve yeni risklerin olu\u015fmas\u0131na imk\u00e2n vermeyen bir yap\u0131 haline getirmeyi,<br \/>\n6698 say\u0131l\u0131 Ki\u015fisel Verilerin Korunmas\u0131 Kanunu (KVKK) ve ilgili di\u011fer mevzuat kapsam\u0131nda \u00e7al\u0131\u015fanlara, stajyerlere, ziyaret\u00e7ilere, tedarik\u00e7ilere ve ilgili di\u011fer 3. taraflara ait ki\u015fisel bilgilerin i\u015flenmesi, korunmas\u0131 ve imhas\u0131 konusunda t\u00fcm sorumluluklar\u0131 kar\u015f\u0131lamay\u0131, taahh\u00fct ederiz.<\/li>\n<\/ul>\n<p>&nbsp;<\/p>\n<p>Taahh\u00fct ederiz.[\/vc_column_text][\/vc_column][\/vc_row]<\/p>\n<\/div>","protected":false},"excerpt":{"rendered":"<p>[vc_row css_animation=&#8221;&#8221; row_type=&#8221;row&#8221; use_row_as_full_screen_section=&#8221;no&#8221; type=&#8221;grid&#8221; angled_section=&#8221;no&#8221; text_align=&#8221;left&#8221; background_image_as_pattern=&#8221;without_pattern&#8221; z_index=&#8221;&#8221; padding_top=&#8221;50&#8243; padding_bottom=&#8221;50&#8243;][vc_column][vc_column_text css=&#8221;&#8221;] Rovagro olarak bilgi g\u00fcvenli\u011fi politikam\u0131z dahilinde ; &nbsp; Y\u00fcr\u00fct\u00fclen faaliyetlerin etkin, do\u011fru, h\u0131zl\u0131 ve g\u00fcvenli olarak ger\u00e7ekle\u015ftirilmesini temin etmeyi, Bilgi varl\u0131klar\u0131, de\u011ferleri, g\u00fcvenlik ihtiya\u00e7lar\u0131, zafiyetleri, varl\u0131klara y\u00f6nelik tehditlerin, tehditlerin s\u0131kl\u0131klar\u0131n\u0131n saptanmas\u0131 i\u00e7in y\u00f6ntemlerin&#8230;<\/p>\n","protected":false},"author":1,"featured_media":0,"parent":0,"menu_order":0,"comment_status":"closed","ping_status":"closed","template":"full_width.php","meta":{"footnotes":""},"class_list":["post-373","page","type-page","status-publish","hentry"],"yoast_head":"<!-- This site is optimized with the Yoast SEO plugin v23.5 - https:\/\/yoast.com\/wordpress\/plugins\/seo\/ -->\n<title>Bilgi G\u00fcvenli\u011fi - Rovagro<\/title>\n<meta name=\"robots\" content=\"index, follow, max-snippet:-1, max-image-preview:large, max-video-preview:-1\" \/>\n<link rel=\"canonical\" href=\"https:\/\/www.rovagro.com\/tr\/bilgi-guvenligi\/\" \/>\n<meta property=\"og:locale\" content=\"tr_TR\" \/>\n<meta property=\"og:type\" content=\"article\" \/>\n<meta property=\"og:title\" content=\"Bilgi G\u00fcvenli\u011fi - Rovagro\" \/>\n<meta property=\"og:description\" content=\"[vc_row css_animation=&#8221;&#8221; row_type=&#8221;row&#8221; use_row_as_full_screen_section=&#8221;no&#8221; type=&#8221;grid&#8221; angled_section=&#8221;no&#8221; text_align=&#8221;left&#8221; background_image_as_pattern=&#8221;without_pattern&#8221; z_index=&#8221;&#8221; padding_top=&#8221;50&#8243; padding_bottom=&#8221;50&#8243;][vc_column][vc_column_text css=&#8221;&#8221;] Rovagro olarak bilgi g\u00fcvenli\u011fi politikam\u0131z dahilinde ; &nbsp; Y\u00fcr\u00fct\u00fclen faaliyetlerin etkin, do\u011fru, h\u0131zl\u0131 ve g\u00fcvenli olarak ger\u00e7ekle\u015ftirilmesini temin etmeyi, Bilgi varl\u0131klar\u0131, de\u011ferleri, g\u00fcvenlik ihtiya\u00e7lar\u0131, zafiyetleri, varl\u0131klara y\u00f6nelik tehditlerin, tehditlerin s\u0131kl\u0131klar\u0131n\u0131n saptanmas\u0131 i\u00e7in y\u00f6ntemlerin...\" \/>\n<meta property=\"og:url\" content=\"https:\/\/www.rovagro.com\/tr\/bilgi-guvenligi\/\" \/>\n<meta property=\"og:site_name\" content=\"Rovagro\" \/>\n<meta property=\"article:modified_time\" content=\"2024-06-07T18:32:18+00:00\" \/>\n<meta name=\"twitter:card\" content=\"summary_large_image\" \/>\n<meta name=\"twitter:label1\" content=\"Tahmini okuma s\u00fcresi\" \/>\n\t<meta name=\"twitter:data1\" content=\"1 dakika\" \/>\n<script type=\"application\/ld+json\" class=\"yoast-schema-graph\">{\"@context\":\"https:\/\/schema.org\",\"@graph\":[{\"@type\":\"WebPage\",\"@id\":\"https:\/\/www.rovagro.com\/tr\/bilgi-guvenligi\/\",\"url\":\"https:\/\/www.rovagro.com\/tr\/bilgi-guvenligi\/\",\"name\":\"Bilgi G\u00fcvenli\u011fi - Rovagro\",\"isPartOf\":{\"@id\":\"https:\/\/www.rovagro.com\/tr\/#website\"},\"datePublished\":\"2024-06-07T18:31:50+00:00\",\"dateModified\":\"2024-06-07T18:32:18+00:00\",\"breadcrumb\":{\"@id\":\"https:\/\/www.rovagro.com\/tr\/bilgi-guvenligi\/#breadcrumb\"},\"inLanguage\":\"tr\",\"potentialAction\":[{\"@type\":\"ReadAction\",\"target\":[\"https:\/\/www.rovagro.com\/tr\/bilgi-guvenligi\/\"]}]},{\"@type\":\"BreadcrumbList\",\"@id\":\"https:\/\/www.rovagro.com\/tr\/bilgi-guvenligi\/#breadcrumb\",\"itemListElement\":[{\"@type\":\"ListItem\",\"position\":1,\"name\":\"Anasayfa\",\"item\":\"https:\/\/www.rovagro.com\/tr\/\"},{\"@type\":\"ListItem\",\"position\":2,\"name\":\"Bilgi G\u00fcvenli\u011fi\"}]},{\"@type\":\"WebSite\",\"@id\":\"https:\/\/www.rovagro.com\/tr\/#website\",\"url\":\"https:\/\/www.rovagro.com\/tr\/\",\"name\":\"Rovagro\",\"description\":\"S\u00fcrd\u00fcrebilir Tedarik\u00e7i\",\"potentialAction\":[{\"@type\":\"SearchAction\",\"target\":{\"@type\":\"EntryPoint\",\"urlTemplate\":\"https:\/\/www.rovagro.com\/tr\/?s={search_term_string}\"},\"query-input\":{\"@type\":\"PropertyValueSpecification\",\"valueRequired\":true,\"valueName\":\"search_term_string\"}}],\"inLanguage\":\"tr\"}]}<\/script>\n<!-- \/ Yoast SEO plugin. -->","yoast_head_json":{"title":"Bilgi G\u00fcvenli\u011fi - Rovagro","robots":{"index":"index","follow":"follow","max-snippet":"max-snippet:-1","max-image-preview":"max-image-preview:large","max-video-preview":"max-video-preview:-1"},"canonical":"https:\/\/www.rovagro.com\/tr\/bilgi-guvenligi\/","og_locale":"tr_TR","og_type":"article","og_title":"Bilgi G\u00fcvenli\u011fi - Rovagro","og_description":"[vc_row css_animation=&#8221;&#8221; row_type=&#8221;row&#8221; use_row_as_full_screen_section=&#8221;no&#8221; type=&#8221;grid&#8221; angled_section=&#8221;no&#8221; text_align=&#8221;left&#8221; background_image_as_pattern=&#8221;without_pattern&#8221; z_index=&#8221;&#8221; padding_top=&#8221;50&#8243; padding_bottom=&#8221;50&#8243;][vc_column][vc_column_text css=&#8221;&#8221;] Rovagro olarak bilgi g\u00fcvenli\u011fi politikam\u0131z dahilinde ; &nbsp; Y\u00fcr\u00fct\u00fclen faaliyetlerin etkin, do\u011fru, h\u0131zl\u0131 ve g\u00fcvenli olarak ger\u00e7ekle\u015ftirilmesini temin etmeyi, Bilgi varl\u0131klar\u0131, de\u011ferleri, g\u00fcvenlik ihtiya\u00e7lar\u0131, zafiyetleri, varl\u0131klara y\u00f6nelik tehditlerin, tehditlerin s\u0131kl\u0131klar\u0131n\u0131n saptanmas\u0131 i\u00e7in y\u00f6ntemlerin...","og_url":"https:\/\/www.rovagro.com\/tr\/bilgi-guvenligi\/","og_site_name":"Rovagro","article_modified_time":"2024-06-07T18:32:18+00:00","twitter_card":"summary_large_image","twitter_misc":{"Tahmini okuma s\u00fcresi":"1 dakika"},"schema":{"@context":"https:\/\/schema.org","@graph":[{"@type":"WebPage","@id":"https:\/\/www.rovagro.com\/tr\/bilgi-guvenligi\/","url":"https:\/\/www.rovagro.com\/tr\/bilgi-guvenligi\/","name":"Bilgi G\u00fcvenli\u011fi - Rovagro","isPartOf":{"@id":"https:\/\/www.rovagro.com\/tr\/#website"},"datePublished":"2024-06-07T18:31:50+00:00","dateModified":"2024-06-07T18:32:18+00:00","breadcrumb":{"@id":"https:\/\/www.rovagro.com\/tr\/bilgi-guvenligi\/#breadcrumb"},"inLanguage":"tr","potentialAction":[{"@type":"ReadAction","target":["https:\/\/www.rovagro.com\/tr\/bilgi-guvenligi\/"]}]},{"@type":"BreadcrumbList","@id":"https:\/\/www.rovagro.com\/tr\/bilgi-guvenligi\/#breadcrumb","itemListElement":[{"@type":"ListItem","position":1,"name":"Anasayfa","item":"https:\/\/www.rovagro.com\/tr\/"},{"@type":"ListItem","position":2,"name":"Bilgi G\u00fcvenli\u011fi"}]},{"@type":"WebSite","@id":"https:\/\/www.rovagro.com\/tr\/#website","url":"https:\/\/www.rovagro.com\/tr\/","name":"Rovagro","description":"S\u00fcrd\u00fcrebilir Tedarik\u00e7i","potentialAction":[{"@type":"SearchAction","target":{"@type":"EntryPoint","urlTemplate":"https:\/\/www.rovagro.com\/tr\/?s={search_term_string}"},"query-input":{"@type":"PropertyValueSpecification","valueRequired":true,"valueName":"search_term_string"}}],"inLanguage":"tr"}]}},"_links":{"self":[{"href":"https:\/\/www.rovagro.com\/tr\/wp-json\/wp\/v2\/pages\/373","targetHints":{"allow":["GET"]}}],"collection":[{"href":"https:\/\/www.rovagro.com\/tr\/wp-json\/wp\/v2\/pages"}],"about":[{"href":"https:\/\/www.rovagro.com\/tr\/wp-json\/wp\/v2\/types\/page"}],"author":[{"embeddable":true,"href":"https:\/\/www.rovagro.com\/tr\/wp-json\/wp\/v2\/users\/1"}],"replies":[{"embeddable":true,"href":"https:\/\/www.rovagro.com\/tr\/wp-json\/wp\/v2\/comments?post=373"}],"version-history":[{"count":3,"href":"https:\/\/www.rovagro.com\/tr\/wp-json\/wp\/v2\/pages\/373\/revisions"}],"predecessor-version":[{"id":376,"href":"https:\/\/www.rovagro.com\/tr\/wp-json\/wp\/v2\/pages\/373\/revisions\/376"}],"wp:attachment":[{"href":"https:\/\/www.rovagro.com\/tr\/wp-json\/wp\/v2\/media?parent=373"}],"curies":[{"name":"wp","href":"https:\/\/api.w.org\/{rel}","templated":true}]}}