{"id":366,"date":"2024-06-07T21:25:17","date_gmt":"2024-06-07T18:25:17","guid":{"rendered":"https:\/\/www.rovagro.com\/tr\/?page_id=366"},"modified":"2024-06-08T13:13:48","modified_gmt":"2024-06-08T10:13:48","slug":"haberler","status":"publish","type":"page","link":"https:\/\/www.rovagro.com\/tr\/haberler\/","title":{"rendered":"Haberler"},"content":{"rendered":"<div class=\"wpb-content-wrapper\"><p>[vc_row css_animation=&#8221;&#8221; row_type=&#8221;row&#8221; use_row_as_full_screen_section=&#8221;no&#8221; type=&#8221;grid&#8221; angled_section=&#8221;no&#8221; text_align=&#8221;left&#8221; background_image_as_pattern=&#8221;without_pattern&#8221; z_index=&#8221;&#8221; padding_top=&#8221;50&#8243; padding_bottom=&#8221;50&#8243;][vc_column]<div class='q_masonry_blog'><div class=\"q_masonry_blog_grid_sizer\"><\/div><div class=\"q_masonry_blog_grid_gutter\"><\/div><article  class='post-275 post type-post status-publish format-standard has-post-thumbnail hentry category-haber '><div class=\"q_masonry_blog_post_image\"><a itemprop=\"url\" href=\"https:\/\/www.rovagro.com\/tr\/haziran-ayinin-ilk-dort-gununde-ukrayna-05-milyon-ton-tahil-ihrac-etti\/\" target=\"_self\"><img decoding=\"async\" itemprop=\"image\" src=\"https:\/\/www.rovagro.com\/tr\/wp-content\/uploads\/2024\/06\/ukrayna-05-milyon-ton-tahil-ihrac-etti-1.jpg\" alt=\"\" \/><\/a><\/div><div class=\"q_masonry_blog_post_text\"><h4 itemprop=\"name\" class=\"q_masonry_blog_title entry_title\"><a itemprop=\"url\" href=\"https:\/\/www.rovagro.com\/tr\/haziran-ayinin-ilk-dort-gununde-ukrayna-05-milyon-ton-tahil-ihrac-etti\/\">Haziran Ay\u0131n\u0131n \u0130lk D\u00f6rt G\u00fcn\u00fcnde Ukrayna 0,5 Milyon Ton Tah\u0131l \u0130hra\u00e7 Etti<\/a><\/h4><p itemprop=\"description\" class=\"q_masonry_blog_excerpt\">[vc_row css_animation=&#8221;&#8221; row_type=&#8221;row&#8221; use_row_as_full_screen_section=&#8221;no&#8221; type=&#8221;full_width&#8221; angled_section=&#8221;no&#8221; text_align=&#8221;left&#8221; background_image_as_pattern=&#8221;without_pattern&#8221;][vc_column][vc_column_text css=&#8221;&#8221;]Devlet G\u00fcmr\u00fck Servisi&#8217;ne g\u00f6re, 7 Haziran itibar\u0131yla Ukrayna, 2023\/24 MY ba\u015f\u0131ndan bu yana 47.734 milyon ton tah\u0131l ve bakliyat ihra\u00e7 etti; buna Haziran ba\u015f\u0131ndan bu yana g\u00f6nderilen 805 bin ton da dahil. Tar\u0131m Politikas\u0131 Bakanl\u0131\u011f\u0131 bas\u0131n servisi......<\/p><div class=\"q_masonry_blog_post_info\"><span itemprop=\"dateCreated\" class=\"time entry_date updated\">07 Haziran, 2024<meta itemprop=\"interactionCount\" content=\"UserComments: <?php echo get_comments_number(qode_get_page_id()); ?>\"\/><\/span><\/div><\/div><\/article><article  class='post-495 post type-post status-publish format-standard has-post-thumbnail hentry category-haber '><div class=\"q_masonry_blog_post_image\"><a itemprop=\"url\" href=\"https:\/\/www.rovagro.com\/tr\/sezon-disi-ukrayna-tarim-urunlerinin-ihracatini-olumsuz-etkiliyor\/\" target=\"_self\"><img decoding=\"async\" itemprop=\"image\" src=\"https:\/\/www.rovagro.com\/tr\/wp-content\/uploads\/2024\/06\/sezon-disi-ukrayna-tarim-urunlerinin-ihracatini-olumsuz-etkiliyor-1.jpg\" alt=\"\" \/><\/a><\/div><div class=\"q_masonry_blog_post_text\"><h4 itemprop=\"name\" class=\"q_masonry_blog_title entry_title\"><a itemprop=\"url\" href=\"https:\/\/www.rovagro.com\/tr\/sezon-disi-ukrayna-tarim-urunlerinin-ihracatini-olumsuz-etkiliyor\/\">Sezon D\u0131\u015f\u0131 Ukrayna Tar\u0131m \u00dcr\u00fcnlerinin \u0130hracat\u0131n\u0131 Olumsuz Etkiliyor<\/a><\/h4><p itemprop=\"description\" class=\"q_masonry_blog_excerpt\">[vc_row css_animation=&#8221;&#8221; row_type=&#8221;row&#8221; use_row_as_full_screen_section=&#8221;no&#8221; type=&#8221;full_width&#8221; angled_section=&#8221;no&#8221; text_align=&#8221;left&#8221; background_image_as_pattern=&#8221;without_pattern&#8221;][vc_column][vc_column_text css=&#8221;&#8221;]Spike Brokers uzmanlar\u0131, sezonun kapal\u0131 olmas\u0131n\u0131n Ukrayna tar\u0131m \u00fcr\u00fcnlerinin karayoluyla ihracat\u0131 \u00fczerinde olumsuz bir etkisi oldu\u011funu s\u00f6yledi. Raporda, \u201cTrafik ak\u0131\u015f\u0131, Haziran ay\u0131n\u0131n ilk 3 g\u00fcn\u00fcnde 12.020 ton ihra\u00e7 \u00fcr\u00fcn\u00fcn\u00fcn kaydedildi\u011fi Polonya s\u0131n\u0131r\u0131na kayd\u0131 ki bu rakam ge\u00e7en......<\/p><div class=\"q_masonry_blog_post_info\"><span itemprop=\"dateCreated\" class=\"time entry_date updated\">06 Haziran, 2024<meta itemprop=\"interactionCount\" content=\"UserComments: <?php echo get_comments_number(qode_get_page_id()); ?>\"\/><\/span><\/div><\/div><\/article><article  class='post-498 post type-post status-publish format-standard has-post-thumbnail hentry category-haber '><div class=\"q_masonry_blog_post_image\"><a itemprop=\"url\" href=\"https:\/\/www.rovagro.com\/tr\/buyuk-odesa-limanlarindaki-tahil-bosaltma-hacimleri-artti\/\" target=\"_self\"><img decoding=\"async\" itemprop=\"image\" src=\"https:\/\/www.rovagro.com\/tr\/wp-content\/uploads\/2024\/06\/buyuk-odessa-limani-1.jpg\" alt=\"\" \/><\/a><\/div><div class=\"q_masonry_blog_post_text\"><h4 itemprop=\"name\" class=\"q_masonry_blog_title entry_title\"><a itemprop=\"url\" href=\"https:\/\/www.rovagro.com\/tr\/buyuk-odesa-limanlarindaki-tahil-bosaltma-hacimleri-artti\/\">B\u00fcy\u00fck Odesa Limanlar\u0131ndaki Tah\u0131l Bo\u015faltma Hacimleri Artt\u0131<\/a><\/h4><p itemprop=\"description\" class=\"q_masonry_blog_excerpt\">[vc_row css_animation=&#8221;&#8221; row_type=&#8221;row&#8221; use_row_as_full_screen_section=&#8221;no&#8221; type=&#8221;full_width&#8221; angled_section=&#8221;no&#8221; text_align=&#8221;left&#8221; background_image_as_pattern=&#8221;without_pattern&#8221;][vc_column][vc_column_text css=&#8221;&#8221;]B\u00fcy\u00fck Odesa limanlar\u0131ndaki tah\u0131l vagonlar\u0131n\u0131n g\u00fcnl\u00fck ortalama bo\u015faltma oran\u0131 ge\u00e7en hafta 1454 birime y\u00fckseldi, bu da bir \u00f6nceki haftaya g\u00f6re 141 birim daha fazla. Ukrzaliznytsia Ula\u015f\u0131m Teknolojisi ve Ticaret Departman\u0131 M\u00fcd\u00fcr Yard\u0131mc\u0131s\u0131 Valeriy Tkachov, ayn\u0131 zamanda bu......<\/p><div class=\"q_masonry_blog_post_info\"><span itemprop=\"dateCreated\" class=\"time entry_date updated\">05 Haziran, 2024<meta itemprop=\"interactionCount\" content=\"UserComments: <?php echo get_comments_number(qode_get_page_id()); ?>\"\/><\/span><\/div><\/div><\/article><article  class='post-507 post type-post status-publish format-standard has-post-thumbnail hentry category-haber '><div class=\"q_masonry_blog_post_image\"><a itemprop=\"url\" href=\"https:\/\/www.rovagro.com\/tr\/ukrayna-deniz-koridorundan-simdiden-50-milyon-ton-kargo-sevk-edildi\/\" target=\"_self\"><img decoding=\"async\" itemprop=\"image\" src=\"https:\/\/www.rovagro.com\/tr\/wp-content\/uploads\/2024\/06\/simdiden-50-milyon-ton-kargo-sevk-edild-1.jpg\" alt=\"\" \/><\/a><\/div><div class=\"q_masonry_blog_post_text\"><h4 itemprop=\"name\" class=\"q_masonry_blog_title entry_title\"><a itemprop=\"url\" href=\"https:\/\/www.rovagro.com\/tr\/ukrayna-deniz-koridorundan-simdiden-50-milyon-ton-kargo-sevk-edildi\/\">Ukrayna Deniz Koridoru&#8217;ndan \u015eimdiden 50 Milyon Ton Kargo Sevk Edildi<\/a><\/h4><p itemprop=\"description\" class=\"q_masonry_blog_excerpt\">[vc_row css_animation=&#8221;&#8221; row_type=&#8221;row&#8221; use_row_as_full_screen_section=&#8221;no&#8221; type=&#8221;full_width&#8221; angled_section=&#8221;no&#8221; text_align=&#8221;left&#8221; background_image_as_pattern=&#8221;without_pattern&#8221;][vc_column][vc_column_text css=&#8221;&#8221;]Ukrayna Deniz Limanlar\u0131 \u0130daresi&#8217;nin bas\u0131n servisinin bildirdi\u011fine g\u00f6re, Ukrayna Deniz Koridoru faaliyetinin ilk dokuz ay\u0131nda 50 milyon ton y\u00fck sevk etti. &#8220;16 A\u011fustos 2023&#8217;te koridordan ge\u00e7en ilk gemi Joseph Shulte&#8217;den ba\u015flayarak, Ukrayna Karadeniz limanlar\u0131, d\u00fc\u015fman\u0131n kritik altyap\u0131m\u0131za......<\/p><div class=\"q_masonry_blog_post_info\"><span itemprop=\"dateCreated\" class=\"time entry_date updated\">03 Haziran, 2024<meta itemprop=\"interactionCount\" content=\"UserComments: <?php echo get_comments_number(qode_get_page_id()); ?>\"\/><\/span><\/div><\/div><\/article><article  class='post-504 post type-post status-publish format-standard has-post-thumbnail hentry category-haber '><div class=\"q_masonry_blog_post_image\"><a itemprop=\"url\" href=\"https:\/\/www.rovagro.com\/tr\/ukraynanin-tahil-ihracati-bu-sezon-neredeyse-47-milyon-tona-ulasti\/\" target=\"_self\"><img decoding=\"async\" itemprop=\"image\" src=\"https:\/\/www.rovagro.com\/tr\/wp-content\/uploads\/2024\/06\/ihracati-bu-sezon-neredeyse-47-milyon-tona-ulasti.jpg\" alt=\"\" \/><\/a><\/div><div class=\"q_masonry_blog_post_text\"><h4 itemprop=\"name\" class=\"q_masonry_blog_title entry_title\"><a itemprop=\"url\" href=\"https:\/\/www.rovagro.com\/tr\/ukraynanin-tahil-ihracati-bu-sezon-neredeyse-47-milyon-tona-ulasti\/\">Ukrayna&#8217;n\u0131n Tah\u0131l \u0130hracat\u0131 Bu Sezon Neredeyse 47 Milyon Tona Ula\u015ft\u0131<\/a><\/h4><p itemprop=\"description\" class=\"q_masonry_blog_excerpt\">[vc_row css_animation=&#8221;&#8221; row_type=&#8221;row&#8221; use_row_as_full_screen_section=&#8221;no&#8221; type=&#8221;full_width&#8221; angled_section=&#8221;no&#8221; text_align=&#8221;left&#8221; background_image_as_pattern=&#8221;without_pattern&#8221;][vc_column][vc_column_text css=&#8221;&#8221;]Ukrayna Tar\u0131m Politikas\u0131 Bakanl\u0131\u011f\u0131 bas\u0131n servisinin bildirdi\u011fine g\u00f6re, Devlet G\u00fcmr\u00fck Servisi 3 Haziran itibariyle Ukrayna&#8217;n\u0131n 2023\/24 MY y\u0131l\u0131n\u0131n ba\u015f\u0131ndan bu yana 46.957 milyon ton tah\u0131l ve bakliyat ihra\u00e7 etti\u011fini ve bunun 25 bin tonunun Haziran ay\u0131n\u0131n ba\u015f\u0131ndan......<\/p><div class=\"q_masonry_blog_post_info\"><span itemprop=\"dateCreated\" class=\"time entry_date updated\">03 Haziran, 2024<meta itemprop=\"interactionCount\" content=\"UserComments: <?php echo get_comments_number(qode_get_page_id()); ?>\"\/><\/span><\/div><\/div><\/article><article  class='post-509 post type-post status-publish format-standard has-post-thumbnail hentry category-haber '><div class=\"q_masonry_blog_post_image\"><a itemprop=\"url\" href=\"https:\/\/www.rovagro.com\/tr\/buyuk-odesa-limanlari-yonunde-tahil-vagonlarinin-birikmesi-azaliyor\/\" target=\"_self\"><img decoding=\"async\" itemprop=\"image\" src=\"https:\/\/www.rovagro.com\/tr\/wp-content\/uploads\/2024\/05\/tahil-1.jpg\" alt=\"\" \/><\/a><\/div><div class=\"q_masonry_blog_post_text\"><h4 itemprop=\"name\" class=\"q_masonry_blog_title entry_title\"><a itemprop=\"url\" href=\"https:\/\/www.rovagro.com\/tr\/buyuk-odesa-limanlari-yonunde-tahil-vagonlarinin-birikmesi-azaliyor\/\">B\u00fcy\u00fck Odesa Limanlar\u0131 Y\u00f6n\u00fcnde Tah\u0131l Vagonlar\u0131n\u0131n Birikmesi Azal\u0131yor<\/a><\/h4><p itemprop=\"description\" class=\"q_masonry_blog_excerpt\">[vc_row css_animation=&#8221;&#8221; row_type=&#8221;row&#8221; use_row_as_full_screen_section=&#8221;no&#8221; type=&#8221;full_width&#8221; angled_section=&#8221;no&#8221; text_align=&#8221;left&#8221; background_image_as_pattern=&#8221;without_pattern&#8221;][vc_column][vc_column_text css=&#8221;&#8221;]27 May\u0131s itibariyle, bir hafta \u00f6nceki 7259 vagona k\u0131yasla tah\u0131l y\u00fck\u00fc ta\u015f\u0131yan 7139 vagon B\u00fcy\u00fck Odesa limanlar\u0131na do\u011fru hareket ediyordu. Bu veriler Ukrzaliznytsia JSC Ula\u015f\u0131m Teknolojisi ve Ticari \u0130\u015fler Departman\u0131 M\u00fcd\u00fcr Yard\u0131mc\u0131s\u0131 Valeriy Tkachov taraf\u0131ndan a\u00e7\u0131kland\u0131. &#8220;B\u00fcy\u00fck......<\/p><div class=\"q_masonry_blog_post_info\"><span itemprop=\"dateCreated\" class=\"time entry_date updated\">29 May\u0131s, 2024<meta itemprop=\"interactionCount\" content=\"UserComments: <?php echo get_comments_number(qode_get_page_id()); ?>\"\/><\/span><\/div><\/div><\/article><\/div>[\/vc_column][\/vc_row]<\/p>\n<\/div>","protected":false},"excerpt":{"rendered":"<p>[vc_row css_animation=&#8221;&#8221; row_type=&#8221;row&#8221; use_row_as_full_screen_section=&#8221;no&#8221; type=&#8221;grid&#8221; angled_section=&#8221;no&#8221; text_align=&#8221;left&#8221; background_image_as_pattern=&#8221;without_pattern&#8221; z_index=&#8221;&#8221; padding_top=&#8221;50&#8243; padding_bottom=&#8221;50&#8243;][vc_column][\/vc_column][\/vc_row]<\/p>\n","protected":false},"author":1,"featured_media":0,"parent":0,"menu_order":0,"comment_status":"closed","ping_status":"closed","template":"full_width.php","meta":{"footnotes":""},"class_list":["post-366","page","type-page","status-publish","hentry"],"yoast_head":"<!-- This site is optimized with the Yoast SEO plugin v23.5 - https:\/\/yoast.com\/wordpress\/plugins\/seo\/ -->\n<title>Haberler - Rovagro<\/title>\n<meta name=\"robots\" content=\"index, follow, max-snippet:-1, max-image-preview:large, max-video-preview:-1\" \/>\n<link rel=\"canonical\" href=\"https:\/\/www.rovagro.com\/tr\/haberler\/\" \/>\n<meta property=\"og:locale\" content=\"tr_TR\" \/>\n<meta property=\"og:type\" content=\"article\" \/>\n<meta property=\"og:title\" content=\"Haberler - Rovagro\" \/>\n<meta property=\"og:description\" content=\"[vc_row css_animation=&#8221;&#8221; row_type=&#8221;row&#8221; use_row_as_full_screen_section=&#8221;no&#8221; type=&#8221;grid&#8221; angled_section=&#8221;no&#8221; text_align=&#8221;left&#8221; background_image_as_pattern=&#8221;without_pattern&#8221; z_index=&#8221;&#8221; padding_top=&#8221;50&#8243; padding_bottom=&#8221;50&#8243;][vc_column][\/vc_column][\/vc_row]\" \/>\n<meta property=\"og:url\" content=\"https:\/\/www.rovagro.com\/tr\/haberler\/\" \/>\n<meta property=\"og:site_name\" content=\"Rovagro\" \/>\n<meta property=\"article:modified_time\" content=\"2024-06-08T10:13:48+00:00\" \/>\n<meta name=\"twitter:card\" content=\"summary_large_image\" \/>\n<script type=\"application\/ld+json\" class=\"yoast-schema-graph\">{\"@context\":\"https:\/\/schema.org\",\"@graph\":[{\"@type\":\"WebPage\",\"@id\":\"https:\/\/www.rovagro.com\/tr\/haberler\/\",\"url\":\"https:\/\/www.rovagro.com\/tr\/haberler\/\",\"name\":\"Haberler - Rovagro\",\"isPartOf\":{\"@id\":\"https:\/\/www.rovagro.com\/tr\/#website\"},\"datePublished\":\"2024-06-07T18:25:17+00:00\",\"dateModified\":\"2024-06-08T10:13:48+00:00\",\"breadcrumb\":{\"@id\":\"https:\/\/www.rovagro.com\/tr\/haberler\/#breadcrumb\"},\"inLanguage\":\"tr\",\"potentialAction\":[{\"@type\":\"ReadAction\",\"target\":[\"https:\/\/www.rovagro.com\/tr\/haberler\/\"]}]},{\"@type\":\"BreadcrumbList\",\"@id\":\"https:\/\/www.rovagro.com\/tr\/haberler\/#breadcrumb\",\"itemListElement\":[{\"@type\":\"ListItem\",\"position\":1,\"name\":\"Anasayfa\",\"item\":\"https:\/\/www.rovagro.com\/tr\/\"},{\"@type\":\"ListItem\",\"position\":2,\"name\":\"Haberler\"}]},{\"@type\":\"WebSite\",\"@id\":\"https:\/\/www.rovagro.com\/tr\/#website\",\"url\":\"https:\/\/www.rovagro.com\/tr\/\",\"name\":\"Rovagro\",\"description\":\"S\u00fcrd\u00fcrebilir Tedarik\u00e7i\",\"potentialAction\":[{\"@type\":\"SearchAction\",\"target\":{\"@type\":\"EntryPoint\",\"urlTemplate\":\"https:\/\/www.rovagro.com\/tr\/?s={search_term_string}\"},\"query-input\":{\"@type\":\"PropertyValueSpecification\",\"valueRequired\":true,\"valueName\":\"search_term_string\"}}],\"inLanguage\":\"tr\"}]}<\/script>\n<!-- \/ Yoast SEO plugin. -->","yoast_head_json":{"title":"Haberler - Rovagro","robots":{"index":"index","follow":"follow","max-snippet":"max-snippet:-1","max-image-preview":"max-image-preview:large","max-video-preview":"max-video-preview:-1"},"canonical":"https:\/\/www.rovagro.com\/tr\/haberler\/","og_locale":"tr_TR","og_type":"article","og_title":"Haberler - Rovagro","og_description":"[vc_row css_animation=&#8221;&#8221; row_type=&#8221;row&#8221; use_row_as_full_screen_section=&#8221;no&#8221; type=&#8221;grid&#8221; angled_section=&#8221;no&#8221; text_align=&#8221;left&#8221; background_image_as_pattern=&#8221;without_pattern&#8221; z_index=&#8221;&#8221; padding_top=&#8221;50&#8243; padding_bottom=&#8221;50&#8243;][vc_column][\/vc_column][\/vc_row]","og_url":"https:\/\/www.rovagro.com\/tr\/haberler\/","og_site_name":"Rovagro","article_modified_time":"2024-06-08T10:13:48+00:00","twitter_card":"summary_large_image","schema":{"@context":"https:\/\/schema.org","@graph":[{"@type":"WebPage","@id":"https:\/\/www.rovagro.com\/tr\/haberler\/","url":"https:\/\/www.rovagro.com\/tr\/haberler\/","name":"Haberler - Rovagro","isPartOf":{"@id":"https:\/\/www.rovagro.com\/tr\/#website"},"datePublished":"2024-06-07T18:25:17+00:00","dateModified":"2024-06-08T10:13:48+00:00","breadcrumb":{"@id":"https:\/\/www.rovagro.com\/tr\/haberler\/#breadcrumb"},"inLanguage":"tr","potentialAction":[{"@type":"ReadAction","target":["https:\/\/www.rovagro.com\/tr\/haberler\/"]}]},{"@type":"BreadcrumbList","@id":"https:\/\/www.rovagro.com\/tr\/haberler\/#breadcrumb","itemListElement":[{"@type":"ListItem","position":1,"name":"Anasayfa","item":"https:\/\/www.rovagro.com\/tr\/"},{"@type":"ListItem","position":2,"name":"Haberler"}]},{"@type":"WebSite","@id":"https:\/\/www.rovagro.com\/tr\/#website","url":"https:\/\/www.rovagro.com\/tr\/","name":"Rovagro","description":"S\u00fcrd\u00fcrebilir Tedarik\u00e7i","potentialAction":[{"@type":"SearchAction","target":{"@type":"EntryPoint","urlTemplate":"https:\/\/www.rovagro.com\/tr\/?s={search_term_string}"},"query-input":{"@type":"PropertyValueSpecification","valueRequired":true,"valueName":"search_term_string"}}],"inLanguage":"tr"}]}},"_links":{"self":[{"href":"https:\/\/www.rovagro.com\/tr\/wp-json\/wp\/v2\/pages\/366","targetHints":{"allow":["GET"]}}],"collection":[{"href":"https:\/\/www.rovagro.com\/tr\/wp-json\/wp\/v2\/pages"}],"about":[{"href":"https:\/\/www.rovagro.com\/tr\/wp-json\/wp\/v2\/types\/page"}],"author":[{"embeddable":true,"href":"https:\/\/www.rovagro.com\/tr\/wp-json\/wp\/v2\/users\/1"}],"replies":[{"embeddable":true,"href":"https:\/\/www.rovagro.com\/tr\/wp-json\/wp\/v2\/comments?post=366"}],"version-history":[{"count":6,"href":"https:\/\/www.rovagro.com\/tr\/wp-json\/wp\/v2\/pages\/366\/revisions"}],"predecessor-version":[{"id":514,"href":"https:\/\/www.rovagro.com\/tr\/wp-json\/wp\/v2\/pages\/366\/revisions\/514"}],"wp:attachment":[{"href":"https:\/\/www.rovagro.com\/tr\/wp-json\/wp\/v2\/media?parent=366"}],"curies":[{"name":"wp","href":"https:\/\/api.w.org\/{rel}","templated":true}]}}