{"id":239,"date":"2024-06-06T23:10:17","date_gmt":"2024-06-06T20:10:17","guid":{"rendered":"https:\/\/www.rovagro.com\/tr\/?page_id=239"},"modified":"2024-07-08T08:37:44","modified_gmt":"2024-07-08T05:37:44","slug":"talep","status":"publish","type":"page","link":"https:\/\/www.rovagro.com\/tr\/talep\/","title":{"rendered":"Talep"},"content":{"rendered":"<div class=\"wpb-content-wrapper\"><p>[vc_row css_animation=&#8221;&#8221; row_type=&#8221;row&#8221; use_row_as_full_screen_section=&#8221;no&#8221; type=&#8221;grid&#8221; angled_section=&#8221;no&#8221; text_align=&#8221;left&#8221; background_image_as_pattern=&#8221;without_pattern&#8221; z_index=&#8221;&#8221; padding_top=&#8221;50&#8243; padding_bottom=&#8221;50&#8243;][vc_column width=&#8221;1\/2&#8243; el_class=&#8221;talep-formu&#8221;][vc_column_text css=&#8221;&#8221;]<\/p>\n<h3>Talep Formu<\/h3>\n<p>[\/vc_column_text]\n<div class=\"wpcf7 no-js\" id=\"wpcf7-f244-o1\" lang=\"en-US\" dir=\"ltr\">\n<div class=\"screen-reader-response\"><p role=\"status\" aria-live=\"polite\" aria-atomic=\"true\"><\/p> <ul><\/ul><\/div>\n<form action=\"\/tr\/wp-json\/wp\/v2\/pages\/239#wpcf7-f244-o1\" method=\"post\" class=\"wpcf7-form init cf7_custom_style_1\" aria-label=\"Contact form\" novalidate=\"novalidate\" data-status=\"init\">\n<div style=\"display: none;\">\n<input type=\"hidden\" name=\"_wpcf7\" value=\"244\" \/>\n<input type=\"hidden\" name=\"_wpcf7_version\" value=\"5.9.8\" \/>\n<input type=\"hidden\" name=\"_wpcf7_locale\" value=\"en_US\" \/>\n<input type=\"hidden\" name=\"_wpcf7_unit_tag\" value=\"wpcf7-f244-o1\" \/>\n<input type=\"hidden\" name=\"_wpcf7_container_post\" value=\"0\" \/>\n<input type=\"hidden\" name=\"_wpcf7_posted_data_hash\" value=\"\" \/>\n<\/div>\n<div style=\"width:50%; float:left;\">\n\t<p><span class=\"wpcf7-form-control-wrap\" data-name=\"text-329\"><input size=\"40\" maxlength=\"400\" class=\"wpcf7-form-control wpcf7-text\" aria-invalid=\"false\" placeholder=\"Ad Soyad\" value=\"\" type=\"text\" name=\"text-329\" \/><\/span>\n\t<\/p>\n<\/div>\n<div style=\"width:49%; float:left; padding-left:6px;\">\n\t<p><span class=\"wpcf7-form-control-wrap\" data-name=\"email-297\"><input size=\"40\" maxlength=\"400\" class=\"wpcf7-form-control wpcf7-email wpcf7-validates-as-required wpcf7-text wpcf7-validates-as-email\" aria-required=\"true\" aria-invalid=\"false\" placeholder=\"E-Posta\" value=\"\" type=\"email\" name=\"email-297\" \/><\/span>\n\t<\/p>\n<\/div>\n<div style=\"width:50%; float:left;\">\n\t<p><span class=\"wpcf7-form-control-wrap\" data-name=\"tel-913\"><input size=\"40\" maxlength=\"400\" class=\"wpcf7-form-control wpcf7-tel wpcf7-validates-as-required wpcf7-text wpcf7-validates-as-tel\" aria-required=\"true\" aria-invalid=\"false\" placeholder=\"Telefon\" value=\"\" type=\"tel\" name=\"tel-913\" \/><\/span>\n\t<\/p>\n<\/div>\n<div style=\"width:49%; float:left; padding-left:6px;>\n\t<p><span class=\"wpcf7-form-control-wrap\" data-name=\"text-171\"><input size=\"40\" maxlength=\"400\" class=\"wpcf7-form-control wpcf7-text wpcf7-validates-as-required\" aria-required=\"true\" aria-invalid=\"false\" placeholder=\"Miktar(Ton)\" value=\"\" type=\"text\" name=\"text-171\" \/><\/span>\n\t<\/p>\n<\/div>\n<div>\n\t<p><span class=\"wpcf7-form-control-wrap\" data-name=\"menu-304\"><select class=\"wpcf7-form-control wpcf7-select wpcf7-validates-as-required\" aria-required=\"true\" aria-invalid=\"false\" name=\"menu-304\"><option value=\"\u00dcr\u00fcn Se\u00e7iniz -- \u02c5\">\u00dcr\u00fcn Se\u00e7iniz -- \u02c5<\/option><option value=\"Ay\u00e7i\u00e7ek Tohumu\">Ay\u00e7i\u00e7ek Tohumu<\/option><option value=\"Soya Fasulyesi\">Soya Fasulyesi<\/option><option value=\"Kanola Tohumu\">Kanola Tohumu<\/option><option value=\"Ay\u00e7i\u00e7ek K\u00fcspesi\">Ay\u00e7i\u00e7ek K\u00fcspesi<\/option><option value=\"Soya K\u00fcspesi\">Soya K\u00fcspesi<\/option><option value=\"Kanola K\u00fcspesi\">Kanola K\u00fcspesi<\/option><option value=\"Bu\u011fday (Yemlik)\">Bu\u011fday (Yemlik)<\/option><option value=\"Bu\u011fday (Unluk)\">Bu\u011fday (Unluk)<\/option><option value=\"Bu\u011fday Kepe\u011fi\">Bu\u011fday Kepe\u011fi<\/option><option value=\"Ham Ay\u00e7i\u00e7ek Ya\u011f\u0131\">Ham Ay\u00e7i\u00e7ek Ya\u011f\u0131<\/option><\/select><\/span>\n\t<\/p>\n<\/div>\n<div>\n\t<p><span class=\"wpcf7-form-control-wrap\" data-name=\"menu-874\"><select class=\"wpcf7-form-control wpcf7-select wpcf7-validates-as-required\" aria-required=\"true\" aria-invalid=\"false\" name=\"menu-874\"><option value=\"Ta\u015f\u0131mac\u0131l\u0131k \u015eekli -- \u02c5\">Ta\u015f\u0131mac\u0131l\u0131k \u015eekli -- \u02c5<\/option><option value=\"Deniz Yolu\">Deniz Yolu<\/option><option value=\"Karayolu\">Karayolu<\/option><\/select><\/span>\n\t<\/p>\n<\/div>\n<div style=\"width:50%; float:left;\">\n\t<p><span class=\"wpcf7-form-control-wrap\" data-name=\"menu-362\"><select class=\"wpcf7-form-control wpcf7-select wpcf7-validates-as-required\" aria-required=\"true\" aria-invalid=\"false\" name=\"menu-362\"><option value=\"Teslim \u015eekli -- \u02c5\">Teslim \u015eekli -- \u02c5<\/option><option value=\"DAP\">DAP<\/option><option value=\"CIF\">CIF<\/option><option value=\"FOB\">FOB<\/option><option value=\"FCA\">FCA<\/option><\/select><\/span>\n\t<\/p>\n<\/div>\n<div style=\"width:49%; float:left; padding-left:6px;>\n\t<p><span class=\"wpcf7-form-control-wrap\" data-name=\"adres\"><input size=\"40\" maxlength=\"400\" class=\"wpcf7-form-control wpcf7-text wpcf7-validates-as-required\" aria-required=\"true\" aria-invalid=\"false\" placeholder=\"Teslimat Adresi\" value=\"\" type=\"text\" name=\"adres\" \/><\/span>\n\t<\/p>\n<\/div>\n<div>\n\t<p><span class=\"wpcf7-form-control-wrap\" data-name=\"textarea-831\"><textarea cols=\"40\" rows=\"10\" maxlength=\"2000\" class=\"wpcf7-form-control wpcf7-textarea\" aria-invalid=\"false\" placeholder=\"Mesaj\u0131n\u0131z\" name=\"textarea-831\"><\/textarea><\/span>\n\t<\/p>\n<\/div>\n<p><input class=\"wpcf7-form-control wpcf7-submit has-spinner\" type=\"submit\" value=\"G\u00f6nder\" \/>\n<\/p><div class=\"wpcf7-response-output\" aria-hidden=\"true\"><\/div>\n<\/form>\n<\/div>\n[vc_empty_space height=&#8221;40px&#8221;][\/vc_column][vc_column width=&#8221;1\/2&#8243;][vc_single_image image=&#8221;401&#8243; img_size=&#8221;full&#8221; css=&#8221;&#8221; qode_css_animation=&#8221;&#8221;][\/vc_column][\/vc_row]<\/p>\n<\/div>","protected":false},"excerpt":{"rendered":"<p>[vc_row css_animation=&#8221;&#8221; row_type=&#8221;row&#8221; use_row_as_full_screen_section=&#8221;no&#8221; type=&#8221;grid&#8221; angled_section=&#8221;no&#8221; text_align=&#8221;left&#8221; background_image_as_pattern=&#8221;without_pattern&#8221; z_index=&#8221;&#8221; padding_top=&#8221;50&#8243; padding_bottom=&#8221;50&#8243;][vc_column width=&#8221;1\/2&#8243; el_class=&#8221;talep-formu&#8221;][vc_column_text css=&#8221;&#8221;] Talep Formu [\/vc_column_text][vc_empty_space height=&#8221;40px&#8221;][\/vc_column][vc_column width=&#8221;1\/2&#8243;][vc_single_image image=&#8221;401&#8243; img_size=&#8221;full&#8221; css=&#8221;&#8221; qode_css_animation=&#8221;&#8221;][\/vc_column][\/vc_row]<\/p>\n","protected":false},"author":1,"featured_media":0,"parent":0,"menu_order":0,"comment_status":"closed","ping_status":"closed","template":"full_width.php","meta":{"footnotes":""},"class_list":["post-239","page","type-page","status-publish","hentry"],"yoast_head":"<!-- This site is optimized with the Yoast SEO plugin v23.5 - https:\/\/yoast.com\/wordpress\/plugins\/seo\/ -->\n<title>Talep - Rovagro<\/title>\n<meta name=\"robots\" content=\"index, follow, max-snippet:-1, max-image-preview:large, max-video-preview:-1\" \/>\n<link rel=\"canonical\" href=\"https:\/\/www.rovagro.com\/tr\/talep\/\" \/>\n<meta property=\"og:locale\" content=\"tr_TR\" \/>\n<meta property=\"og:type\" content=\"article\" \/>\n<meta property=\"og:title\" content=\"Talep - Rovagro\" \/>\n<meta property=\"og:description\" content=\"[vc_row css_animation=&#8221;&#8221; row_type=&#8221;row&#8221; use_row_as_full_screen_section=&#8221;no&#8221; type=&#8221;grid&#8221; angled_section=&#8221;no&#8221; text_align=&#8221;left&#8221; background_image_as_pattern=&#8221;without_pattern&#8221; z_index=&#8221;&#8221; padding_top=&#8221;50&#8243; padding_bottom=&#8221;50&#8243;][vc_column width=&#8221;1\/2&#8243; el_class=&#8221;talep-formu&#8221;][vc_column_text css=&#8221;&#8221;] Talep Formu [\/vc_column_text][vc_empty_space height=&#8221;40px&#8221;][\/vc_column][vc_column width=&#8221;1\/2&#8243;][vc_single_image image=&#8221;401&#8243; img_size=&#8221;full&#8221; css=&#8221;&#8221; qode_css_animation=&#8221;&#8221;][\/vc_column][\/vc_row]\" \/>\n<meta property=\"og:url\" content=\"https:\/\/www.rovagro.com\/tr\/talep\/\" \/>\n<meta property=\"og:site_name\" content=\"Rovagro\" \/>\n<meta property=\"article:modified_time\" content=\"2024-07-08T05:37:44+00:00\" \/>\n<meta name=\"twitter:card\" content=\"summary_large_image\" \/>\n<meta name=\"twitter:label1\" content=\"Tahmini okuma s\u00fcresi\" \/>\n\t<meta name=\"twitter:data1\" content=\"1 dakika\" \/>\n<script type=\"application\/ld+json\" class=\"yoast-schema-graph\">{\"@context\":\"https:\/\/schema.org\",\"@graph\":[{\"@type\":\"WebPage\",\"@id\":\"https:\/\/www.rovagro.com\/tr\/talep\/\",\"url\":\"https:\/\/www.rovagro.com\/tr\/talep\/\",\"name\":\"Talep - Rovagro\",\"isPartOf\":{\"@id\":\"https:\/\/www.rovagro.com\/tr\/#website\"},\"datePublished\":\"2024-06-06T20:10:17+00:00\",\"dateModified\":\"2024-07-08T05:37:44+00:00\",\"breadcrumb\":{\"@id\":\"https:\/\/www.rovagro.com\/tr\/talep\/#breadcrumb\"},\"inLanguage\":\"tr\",\"potentialAction\":[{\"@type\":\"ReadAction\",\"target\":[\"https:\/\/www.rovagro.com\/tr\/talep\/\"]}]},{\"@type\":\"BreadcrumbList\",\"@id\":\"https:\/\/www.rovagro.com\/tr\/talep\/#breadcrumb\",\"itemListElement\":[{\"@type\":\"ListItem\",\"position\":1,\"name\":\"Anasayfa\",\"item\":\"https:\/\/www.rovagro.com\/tr\/\"},{\"@type\":\"ListItem\",\"position\":2,\"name\":\"Talep\"}]},{\"@type\":\"WebSite\",\"@id\":\"https:\/\/www.rovagro.com\/tr\/#website\",\"url\":\"https:\/\/www.rovagro.com\/tr\/\",\"name\":\"Rovagro\",\"description\":\"S\u00fcrd\u00fcrebilir Tedarik\u00e7i\",\"potentialAction\":[{\"@type\":\"SearchAction\",\"target\":{\"@type\":\"EntryPoint\",\"urlTemplate\":\"https:\/\/www.rovagro.com\/tr\/?s={search_term_string}\"},\"query-input\":{\"@type\":\"PropertyValueSpecification\",\"valueRequired\":true,\"valueName\":\"search_term_string\"}}],\"inLanguage\":\"tr\"}]}<\/script>\n<!-- \/ Yoast SEO plugin. -->","yoast_head_json":{"title":"Talep - Rovagro","robots":{"index":"index","follow":"follow","max-snippet":"max-snippet:-1","max-image-preview":"max-image-preview:large","max-video-preview":"max-video-preview:-1"},"canonical":"https:\/\/www.rovagro.com\/tr\/talep\/","og_locale":"tr_TR","og_type":"article","og_title":"Talep - Rovagro","og_description":"[vc_row css_animation=&#8221;&#8221; row_type=&#8221;row&#8221; use_row_as_full_screen_section=&#8221;no&#8221; type=&#8221;grid&#8221; angled_section=&#8221;no&#8221; text_align=&#8221;left&#8221; background_image_as_pattern=&#8221;without_pattern&#8221; z_index=&#8221;&#8221; padding_top=&#8221;50&#8243; padding_bottom=&#8221;50&#8243;][vc_column width=&#8221;1\/2&#8243; el_class=&#8221;talep-formu&#8221;][vc_column_text css=&#8221;&#8221;] Talep Formu [\/vc_column_text][vc_empty_space height=&#8221;40px&#8221;][\/vc_column][vc_column width=&#8221;1\/2&#8243;][vc_single_image image=&#8221;401&#8243; img_size=&#8221;full&#8221; css=&#8221;&#8221; qode_css_animation=&#8221;&#8221;][\/vc_column][\/vc_row]","og_url":"https:\/\/www.rovagro.com\/tr\/talep\/","og_site_name":"Rovagro","article_modified_time":"2024-07-08T05:37:44+00:00","twitter_card":"summary_large_image","twitter_misc":{"Tahmini okuma s\u00fcresi":"1 dakika"},"schema":{"@context":"https:\/\/schema.org","@graph":[{"@type":"WebPage","@id":"https:\/\/www.rovagro.com\/tr\/talep\/","url":"https:\/\/www.rovagro.com\/tr\/talep\/","name":"Talep - Rovagro","isPartOf":{"@id":"https:\/\/www.rovagro.com\/tr\/#website"},"datePublished":"2024-06-06T20:10:17+00:00","dateModified":"2024-07-08T05:37:44+00:00","breadcrumb":{"@id":"https:\/\/www.rovagro.com\/tr\/talep\/#breadcrumb"},"inLanguage":"tr","potentialAction":[{"@type":"ReadAction","target":["https:\/\/www.rovagro.com\/tr\/talep\/"]}]},{"@type":"BreadcrumbList","@id":"https:\/\/www.rovagro.com\/tr\/talep\/#breadcrumb","itemListElement":[{"@type":"ListItem","position":1,"name":"Anasayfa","item":"https:\/\/www.rovagro.com\/tr\/"},{"@type":"ListItem","position":2,"name":"Talep"}]},{"@type":"WebSite","@id":"https:\/\/www.rovagro.com\/tr\/#website","url":"https:\/\/www.rovagro.com\/tr\/","name":"Rovagro","description":"S\u00fcrd\u00fcrebilir Tedarik\u00e7i","potentialAction":[{"@type":"SearchAction","target":{"@type":"EntryPoint","urlTemplate":"https:\/\/www.rovagro.com\/tr\/?s={search_term_string}"},"query-input":{"@type":"PropertyValueSpecification","valueRequired":true,"valueName":"search_term_string"}}],"inLanguage":"tr"}]}},"_links":{"self":[{"href":"https:\/\/www.rovagro.com\/tr\/wp-json\/wp\/v2\/pages\/239","targetHints":{"allow":["GET"]}}],"collection":[{"href":"https:\/\/www.rovagro.com\/tr\/wp-json\/wp\/v2\/pages"}],"about":[{"href":"https:\/\/www.rovagro.com\/tr\/wp-json\/wp\/v2\/types\/page"}],"author":[{"embeddable":true,"href":"https:\/\/www.rovagro.com\/tr\/wp-json\/wp\/v2\/users\/1"}],"replies":[{"embeddable":true,"href":"https:\/\/www.rovagro.com\/tr\/wp-json\/wp\/v2\/comments?post=239"}],"version-history":[{"count":9,"href":"https:\/\/www.rovagro.com\/tr\/wp-json\/wp\/v2\/pages\/239\/revisions"}],"predecessor-version":[{"id":338,"href":"https:\/\/www.rovagro.com\/tr\/wp-json\/wp\/v2\/pages\/239\/revisions\/338"}],"wp:attachment":[{"href":"https:\/\/www.rovagro.com\/tr\/wp-json\/wp\/v2\/media?parent=239"}],"curies":[{"name":"wp","href":"https:\/\/api.w.org\/{rel}","templated":true}]}}