{"id":108,"date":"2024-06-05T10:50:07","date_gmt":"2024-06-05T07:50:07","guid":{"rendered":"http:\/\/bridge207.qodeinteractive.com\/?page_id=108"},"modified":"2024-07-08T08:32:50","modified_gmt":"2024-07-08T05:32:50","slug":"hakkimizda","status":"publish","type":"page","link":"https:\/\/www.rovagro.com\/tr\/hakkimizda\/","title":{"rendered":"Hakk\u0131m\u0131zda"},"content":{"rendered":"<div class=\"wpb-content-wrapper\"><p>[vc_row css_animation=&#8221;&#8221; row_type=&#8221;row&#8221; use_row_as_full_screen_section=&#8221;no&#8221; type=&#8221;grid&#8221; angled_section=&#8221;no&#8221; text_align=&#8221;left&#8221; background_image_as_pattern=&#8221;without_pattern&#8221; z_index=&#8221;&#8221; padding_top=&#8221;50&#8243; padding_bottom=&#8221;50&#8243;][vc_column width=&#8221;1\/2&#8243;][vc_column_text css=&#8221;&#8221;]<\/p>\n<h3>Bizi Yak\u0131ndan Tan\u0131y\u0131n<\/h3>\n<p>[\/vc_column_text][vc_empty_space height=&#8221;5&#8243;][vc_column_text css=&#8221;&#8221;]Rovagro, tar\u0131msal \u00fcr\u00fcnlerin \u00fcreticiden t\u00fcketiciye ula\u015f\u0131m s\u00fcrecini ba\u015ftan a\u015fa\u011f\u0131 yeniden \u015fekillendirme hedefiyle yola \u00e7\u0131kan bir kurulu\u015ftur. Biz, t\u00fcketicilerin ihtiya\u00e7 duyduklar\u0131 \u00fcr\u00fcnlere do\u011frudan \u00e7ift\u00e7ilerden eri\u015fimini sa\u011flayarak arac\u0131lar\u0131 ortadan kald\u0131rmay\u0131 ama\u00e7lamaktay\u0131z.<\/p>\n<p>&nbsp;<\/p>\n<p>Ukrayna merkezli tedarik s\u00fcre\u00e7lerinde faaliyet g\u00f6sterirken, sadece t\u00fcketici taleplerini kar\u015f\u0131lamakla kalmay\u0131p ayn\u0131 zamanda Ukrayna&#8217;daki tar\u0131msal i\u015fletmeleri desteklemeyi de misyonumuzun merkezine yerle\u015ftirdik. Bu ama\u00e7la, i\u015f modelimizi \u00fcreticileri, t\u00fcccarlar\u0131 ve nakliyecileri ortak bir amaca y\u00f6nlendirerek sekt\u00f6rde denge ve adalet sa\u011flayacak \u015fekilde kurgulad\u0131k.<\/p>\n<p>&nbsp;<\/p>\n<p>Rovagro&#8217;nun benzersiz yakla\u015f\u0131m\u0131, k\u00fcresel \u00fcreticilerle t\u00fcketiciler aras\u0131nda do\u011frudan ve \u015feffaf bir ba\u011flant\u0131 kurarak geleneksel ticaret modellerini alt\u00fcst etmektedir. Bu yakla\u015f\u0131m, b\u00fcy\u00fck ticaret \u015firketlerinin hakim oldu\u011fu bir d\u00fcnyada \u00f6nemli bir fark yaratmaktad\u0131r.<\/p>\n<p>&nbsp;<\/p>\n<p>\u015eeffafl\u0131k, s\u00fcrd\u00fcr\u00fclebilirlik ve d\u0131\u015f etkilere olan az ba\u011f\u0131ml\u0131l\u0131k, Rovagro&#8217;nun temel itici g\u00fc\u00e7leridir. Bu de\u011ferler etraf\u0131nda \u015fekillenen i\u015f modelimiz, tar\u0131msal sekt\u00f6rde adil ve s\u00fcrd\u00fcr\u00fclebilir bir d\u00f6n\u00fc\u015f\u00fcm\u00fc desteklemeyi ama\u00e7lamaktad\u0131r.[\/vc_column_text][vc_empty_space height=&#8221;40px&#8221;][\/vc_column][vc_column width=&#8221;1\/2&#8243;][vc_single_image image=&#8221;683&#8243; img_size=&#8221;full&#8221; css=&#8221;&#8221; qode_css_animation=&#8221;&#8221;][\/vc_column][\/vc_row][vc_row css_animation=&#8221;&#8221; row_type=&#8221;row&#8221; use_row_as_full_screen_section=&#8221;no&#8221; type=&#8221;full_width&#8221; angled_section=&#8221;no&#8221; text_align=&#8221;left&#8221; background_image_as_pattern=&#8221;without_pattern&#8221; css=&#8221;.vc_custom_1717702528624{background-color: #f8f8f8 !important;}&#8221; z_index=&#8221;&#8221; padding_top=&#8221;50&#8243; padding_bottom=&#8221;50&#8243;][vc_column][vc_row_inner row_type=&#8221;row&#8221; type=&#8221;grid&#8221; text_align=&#8221;left&#8221; css_animation=&#8221;&#8221;][vc_column_inner width=&#8221;1\/3&#8243;]<div class='q_icon_with_title medium custom_icon_image center '><div class=\"icon_holder \" style=\" \"><img decoding=\"async\" itemprop=\"image\" style=\"\" src=\"https:\/\/www.rovagro.com\/tr\/wp-content\/uploads\/2024\/06\/icon-hakkimizda-2.png\" alt=\"\"><\/div><div class=\"icon_text_holder\" style=\"\"><div class=\"icon_text_inner\" style=\"\"><h3 class=\"icon_title\" style=\"\">Tecr\u00fcbe<\/h3><p style=''>Rovagro, tar\u0131msal tedarik zincirinde yenilik\u00e7i ve g\u00fcvenilir bir \u00e7\u00f6z\u00fcm sa\u011flama konusunda geni\u015f bir deneyime sahiptir.<\/p><\/div><\/div><\/div>[\/vc_column_inner][vc_column_inner width=&#8221;1\/3&#8243;]<div class='q_icon_with_title medium custom_icon_image center '><div class=\"icon_holder \" style=\" \"><img decoding=\"async\" itemprop=\"image\" style=\"\" src=\"https:\/\/www.rovagro.com\/tr\/wp-content\/uploads\/2024\/06\/icon-hakkimizda-4.png\" alt=\"\"><\/div><div class=\"icon_text_holder\" style=\"\"><div class=\"icon_text_inner\" style=\"\"><h3 class=\"icon_title\" style=\"\">Profesyonel Ekip<\/h3><p style=''>Rovagro, uzman ve tutkulu bir ekip taraf\u0131ndan y\u00f6netilmektedir. M\u00fc\u015fteri memnuniyeti odakl\u0131 \u00e7al\u0131\u015farak sekt\u00f6rde \u00f6nc\u00fc olmay\u0131 hedefliyoruz.<\/p><\/div><\/div><\/div>[\/vc_column_inner][vc_column_inner width=&#8221;1\/3&#8243;]<div class='q_icon_with_title medium custom_icon_image center '><div class=\"icon_holder \" style=\" \"><img decoding=\"async\" itemprop=\"image\" style=\"\" src=\"https:\/\/www.rovagro.com\/tr\/wp-content\/uploads\/2024\/06\/icon-hakkimizda-5.png\" alt=\"\"><\/div><div class=\"icon_text_holder\" style=\"\"><div class=\"icon_text_inner\" style=\"\"><h3 class=\"icon_title\" style=\"\">G\u00fcvenilir Hizmet<\/h3><p style=''>Rovagro, g\u00fcvenilir ve kaliteli hizmet sunar. Deneyim ve uzmanl\u0131kla desteklenen yakla\u015f\u0131m\u0131m\u0131zla, en iyi \u00e7\u00f6z\u00fcmleri sunuyoruz.<\/p><\/div><\/div><\/div>[\/vc_column_inner][\/vc_row_inner][\/vc_column][\/vc_row][vc_row css_animation=&#8221;&#8221; row_type=&#8221;row&#8221; use_row_as_full_screen_section=&#8221;no&#8221; type=&#8221;grid&#8221; angled_section=&#8221;no&#8221; text_align=&#8221;left&#8221; background_image_as_pattern=&#8221;without_pattern&#8221; z_index=&#8221;&#8221; padding_top=&#8221;50&#8243; padding_bottom=&#8221;50&#8243;][vc_column width=&#8221;1\/2&#8243;][vc_column_text css=&#8221;&#8221;]<\/p>\n<h3>De\u011ferlerimiz<\/h3>\n<p>[\/vc_column_text][vc_empty_space height=&#8221;5&#8243;]<div class=\"qode-accordion-holder clearfix qode-accordion qode-initial \">\n\t<h4 class=\"clearfix qode-title-holder\">\n<span class=\"qode-tab-title\">\n\t    <span class=\"qode-tab-title-inner\">\n        Misyonumuz    <\/span>\n<\/span>\n<span class=\"qode-accordion-mark\">\n    <span class=\"qode-accordion-mark-icon\">\n        <span class=\"icon_plus\"><\/span>\n        <span class=\"icon_minus-06\"><\/span>\n    <\/span>\n<\/span>\n<\/h4>\n<div  class=\"qode-accordion-content \" >\n    <div class=\"qode-accordion-content-inner\">\n        [vc_column_text css=&#8221;&#8221;]Rovagro, tar\u0131msal tedarik zincirindeki arac\u0131lar\u0131 ortadan kald\u0131rarak, do\u011frudan \u00fcreticiden t\u00fcketiciye ba\u011flant\u0131 kurarak sekt\u00f6rde bir d\u00f6n\u00fc\u015f\u00fcm sa\u011flamay\u0131 hedefler. M\u00fc\u015fterilerimize en taze ve kaliteli \u00fcr\u00fcnleri sunarken, yerel tar\u0131msal i\u015fletmelerin s\u00fcrd\u00fcr\u00fclebilirli\u011fini desteklemeyi ve toplumsal etkilerimizi maksimize etmeyi taahh\u00fct ediyoruz.[\/vc_column_text]    <\/div>\n<\/div><h4 class=\"clearfix qode-title-holder\">\n<span class=\"qode-tab-title\">\n\t    <span class=\"qode-tab-title-inner\">\n        Vizyonumuz    <\/span>\n<\/span>\n<span class=\"qode-accordion-mark\">\n    <span class=\"qode-accordion-mark-icon\">\n        <span class=\"icon_plus\"><\/span>\n        <span class=\"icon_minus-06\"><\/span>\n    <\/span>\n<\/span>\n<\/h4>\n<div  class=\"qode-accordion-content \" >\n    <div class=\"qode-accordion-content-inner\">\n        [vc_column_text css=&#8221;&#8221;]Rovagro, tar\u0131msal tedarik zincirinde k\u00fcresel ticaretin egemen oldu\u011fu bir ortamda, do\u011frudan ve \u015feffaf bir ba\u011flant\u0131 olu\u015fturarak sekt\u00f6rde bir lider konuma y\u00fckselmeyi hedefler. Yenilik\u00e7i yakla\u015f\u0131m\u0131m\u0131z ve m\u00fc\u015fteri odakl\u0131l\u0131\u011f\u0131m\u0131zla, s\u00fcrd\u00fcr\u00fclebilirlik, \u015feffafl\u0131k ve toplumsal etkinin \u00f6n planda oldu\u011fu bir tar\u0131m end\u00fcstrisi olu\u015fturmay\u0131 ama\u00e7l\u0131yoruz.[\/vc_column_text]    <\/div>\n<\/div><h4 class=\"clearfix qode-title-holder\">\n<span class=\"qode-tab-title\">\n\t    <span class=\"qode-tab-title-inner\">\n        Kalite Politikam\u0131z    <\/span>\n<\/span>\n<span class=\"qode-accordion-mark\">\n    <span class=\"qode-accordion-mark-icon\">\n        <span class=\"icon_plus\"><\/span>\n        <span class=\"icon_minus-06\"><\/span>\n    <\/span>\n<\/span>\n<\/h4>\n<div  class=\"qode-accordion-content \" >\n    <div class=\"qode-accordion-content-inner\">\n        [vc_column_text css=&#8221;&#8221;]Rovagro olarak, m\u00fc\u015fterilerimize en y\u00fcksek kalitede \u00fcr\u00fcnleri sunmay\u0131 taahh\u00fct ediyoruz. Bu do\u011frultuda, s\u00fcrekli iyile\u015ftirme ve m\u00fckemmelli\u011fi hedefleyen bir yakla\u015f\u0131m benimsiyoruz. Tedarik zincirimizde g\u00fcvenilirlik, \u015feffafl\u0131k ve s\u00fcrd\u00fcr\u00fclebilirlik ilkelerine ba\u011fl\u0131 kal\u0131rken, m\u00fc\u015fteri memnuniyetini her zaman \u00f6n planda tutuyoruz. Kalite standartlar\u0131m\u0131z\u0131 s\u00fcrekli g\u00f6zden ge\u00e7iriyor ve uyguluyor, b\u00f6ylece m\u00fc\u015fterilerimize g\u00fcvenilir ve kusursuz bir hizmet sunuyoruz.[\/vc_column_text]    <\/div>\n<\/div><\/div>[vc_empty_space height=&#8221;40px&#8221;][\/vc_column][vc_column width=&#8221;1\/2&#8243;][vc_column_text css=&#8221;&#8221;]<\/p>\n<h3>Rovagro Tan\u0131t\u0131m Filmi<\/h3>\n<p>[\/vc_column_text][vc_empty_space height=&#8221;5&#8243;]<div class=\"qode_video_box\">\n\t<a itemprop=\"image\" class=\"qode_video_image\" href=\"#\" data-rel=\"prettyPhoto\">\n\t\t\t\t\t<img loading=\"lazy\" decoding=\"async\" width=\"632\" height=\"380\" src=\"https:\/\/www.rovagro.com\/tr\/wp-content\/uploads\/2024\/06\/rovagro-hakkimizda1.jpg\" class=\"attachment-full size-full\" alt=\"\" srcset=\"https:\/\/www.rovagro.com\/tr\/wp-content\/uploads\/2024\/06\/rovagro-hakkimizda1.jpg 632w, https:\/\/www.rovagro.com\/tr\/wp-content\/uploads\/2024\/06\/rovagro-hakkimizda1-300x180.jpg 300w\" sizes=\"auto, (max-width: 632px) 100vw, 632px\" \/>\t\t\t<span class=\"qode_video_box_button_holder\">\n\t\t\t\t<span class=\"qode_video_box_button\">\n\t\t\t\t\t<span class=\"qode_video_box_button_arrow\">\n\t\t\t\t\t<\/span>\n\t\t\t\t<\/span>\n\t\t\t<\/span>\n\t\t\t<\/a>\n<\/div>[\/vc_column][\/vc_row]<\/p>\n<\/div>","protected":false},"excerpt":{"rendered":"<p>[vc_row css_animation=&#8221;&#8221; row_type=&#8221;row&#8221; use_row_as_full_screen_section=&#8221;no&#8221; type=&#8221;grid&#8221; angled_section=&#8221;no&#8221; text_align=&#8221;left&#8221; background_image_as_pattern=&#8221;without_pattern&#8221; z_index=&#8221;&#8221; padding_top=&#8221;50&#8243; padding_bottom=&#8221;50&#8243;][vc_column width=&#8221;1\/2&#8243;][vc_column_text css=&#8221;&#8221;] Bizi Yak\u0131ndan Tan\u0131y\u0131n [\/vc_column_text][vc_empty_space height=&#8221;5&#8243;][vc_column_text css=&#8221;&#8221;]Rovagro, tar\u0131msal \u00fcr\u00fcnlerin \u00fcreticiden t\u00fcketiciye ula\u015f\u0131m s\u00fcrecini ba\u015ftan a\u015fa\u011f\u0131 yeniden \u015fekillendirme hedefiyle yola \u00e7\u0131kan bir kurulu\u015ftur. Biz, t\u00fcketicilerin ihtiya\u00e7 duyduklar\u0131 \u00fcr\u00fcnlere do\u011frudan \u00e7ift\u00e7ilerden eri\u015fimini sa\u011flayarak arac\u0131lar\u0131 ortadan&#8230;<\/p>\n","protected":false},"author":1,"featured_media":0,"parent":0,"menu_order":0,"comment_status":"closed","ping_status":"closed","template":"full_width.php","meta":{"footnotes":""},"class_list":["post-108","page","type-page","status-publish","hentry"],"yoast_head":"<!-- This site is optimized with the Yoast SEO plugin v23.5 - https:\/\/yoast.com\/wordpress\/plugins\/seo\/ -->\n<title>Hakk\u0131m\u0131zda - Rovagro<\/title>\n<meta name=\"robots\" content=\"index, follow, max-snippet:-1, max-image-preview:large, max-video-preview:-1\" \/>\n<link rel=\"canonical\" href=\"https:\/\/www.rovagro.com\/tr\/hakkimizda\/\" \/>\n<meta property=\"og:locale\" content=\"tr_TR\" \/>\n<meta property=\"og:type\" content=\"article\" \/>\n<meta property=\"og:title\" content=\"Hakk\u0131m\u0131zda - Rovagro\" \/>\n<meta property=\"og:description\" content=\"[vc_row css_animation=&#8221;&#8221; row_type=&#8221;row&#8221; use_row_as_full_screen_section=&#8221;no&#8221; type=&#8221;grid&#8221; angled_section=&#8221;no&#8221; text_align=&#8221;left&#8221; background_image_as_pattern=&#8221;without_pattern&#8221; z_index=&#8221;&#8221; padding_top=&#8221;50&#8243; padding_bottom=&#8221;50&#8243;][vc_column width=&#8221;1\/2&#8243;][vc_column_text css=&#8221;&#8221;] Bizi Yak\u0131ndan Tan\u0131y\u0131n [\/vc_column_text][vc_empty_space height=&#8221;5&#8243;][vc_column_text css=&#8221;&#8221;]Rovagro, tar\u0131msal \u00fcr\u00fcnlerin \u00fcreticiden t\u00fcketiciye ula\u015f\u0131m s\u00fcrecini ba\u015ftan a\u015fa\u011f\u0131 yeniden \u015fekillendirme hedefiyle yola \u00e7\u0131kan bir kurulu\u015ftur. Biz, t\u00fcketicilerin ihtiya\u00e7 duyduklar\u0131 \u00fcr\u00fcnlere do\u011frudan \u00e7ift\u00e7ilerden eri\u015fimini sa\u011flayarak arac\u0131lar\u0131 ortadan...\" \/>\n<meta property=\"og:url\" content=\"https:\/\/www.rovagro.com\/tr\/hakkimizda\/\" \/>\n<meta property=\"og:site_name\" content=\"Rovagro\" \/>\n<meta property=\"article:modified_time\" content=\"2024-07-08T05:32:50+00:00\" \/>\n<meta name=\"twitter:card\" content=\"summary_large_image\" \/>\n<meta name=\"twitter:label1\" content=\"Tahmini okuma s\u00fcresi\" \/>\n\t<meta name=\"twitter:data1\" content=\"4 dakika\" \/>\n<script type=\"application\/ld+json\" class=\"yoast-schema-graph\">{\"@context\":\"https:\/\/schema.org\",\"@graph\":[{\"@type\":\"WebPage\",\"@id\":\"https:\/\/www.rovagro.com\/tr\/hakkimizda\/\",\"url\":\"https:\/\/www.rovagro.com\/tr\/hakkimizda\/\",\"name\":\"Hakk\u0131m\u0131zda - Rovagro\",\"isPartOf\":{\"@id\":\"https:\/\/www.rovagro.com\/tr\/#website\"},\"datePublished\":\"2024-06-05T07:50:07+00:00\",\"dateModified\":\"2024-07-08T05:32:50+00:00\",\"breadcrumb\":{\"@id\":\"https:\/\/www.rovagro.com\/tr\/hakkimizda\/#breadcrumb\"},\"inLanguage\":\"tr\",\"potentialAction\":[{\"@type\":\"ReadAction\",\"target\":[\"https:\/\/www.rovagro.com\/tr\/hakkimizda\/\"]}]},{\"@type\":\"BreadcrumbList\",\"@id\":\"https:\/\/www.rovagro.com\/tr\/hakkimizda\/#breadcrumb\",\"itemListElement\":[{\"@type\":\"ListItem\",\"position\":1,\"name\":\"Anasayfa\",\"item\":\"https:\/\/www.rovagro.com\/tr\/\"},{\"@type\":\"ListItem\",\"position\":2,\"name\":\"Hakk\u0131m\u0131zda\"}]},{\"@type\":\"WebSite\",\"@id\":\"https:\/\/www.rovagro.com\/tr\/#website\",\"url\":\"https:\/\/www.rovagro.com\/tr\/\",\"name\":\"Rovagro\",\"description\":\"S\u00fcrd\u00fcrebilir Tedarik\u00e7i\",\"potentialAction\":[{\"@type\":\"SearchAction\",\"target\":{\"@type\":\"EntryPoint\",\"urlTemplate\":\"https:\/\/www.rovagro.com\/tr\/?s={search_term_string}\"},\"query-input\":{\"@type\":\"PropertyValueSpecification\",\"valueRequired\":true,\"valueName\":\"search_term_string\"}}],\"inLanguage\":\"tr\"}]}<\/script>\n<!-- \/ Yoast SEO plugin. -->","yoast_head_json":{"title":"Hakk\u0131m\u0131zda - Rovagro","robots":{"index":"index","follow":"follow","max-snippet":"max-snippet:-1","max-image-preview":"max-image-preview:large","max-video-preview":"max-video-preview:-1"},"canonical":"https:\/\/www.rovagro.com\/tr\/hakkimizda\/","og_locale":"tr_TR","og_type":"article","og_title":"Hakk\u0131m\u0131zda - Rovagro","og_description":"[vc_row css_animation=&#8221;&#8221; row_type=&#8221;row&#8221; use_row_as_full_screen_section=&#8221;no&#8221; type=&#8221;grid&#8221; angled_section=&#8221;no&#8221; text_align=&#8221;left&#8221; background_image_as_pattern=&#8221;without_pattern&#8221; z_index=&#8221;&#8221; padding_top=&#8221;50&#8243; padding_bottom=&#8221;50&#8243;][vc_column width=&#8221;1\/2&#8243;][vc_column_text css=&#8221;&#8221;] Bizi Yak\u0131ndan Tan\u0131y\u0131n [\/vc_column_text][vc_empty_space height=&#8221;5&#8243;][vc_column_text css=&#8221;&#8221;]Rovagro, tar\u0131msal \u00fcr\u00fcnlerin \u00fcreticiden t\u00fcketiciye ula\u015f\u0131m s\u00fcrecini ba\u015ftan a\u015fa\u011f\u0131 yeniden \u015fekillendirme hedefiyle yola \u00e7\u0131kan bir kurulu\u015ftur. Biz, t\u00fcketicilerin ihtiya\u00e7 duyduklar\u0131 \u00fcr\u00fcnlere do\u011frudan \u00e7ift\u00e7ilerden eri\u015fimini sa\u011flayarak arac\u0131lar\u0131 ortadan...","og_url":"https:\/\/www.rovagro.com\/tr\/hakkimizda\/","og_site_name":"Rovagro","article_modified_time":"2024-07-08T05:32:50+00:00","twitter_card":"summary_large_image","twitter_misc":{"Tahmini okuma s\u00fcresi":"4 dakika"},"schema":{"@context":"https:\/\/schema.org","@graph":[{"@type":"WebPage","@id":"https:\/\/www.rovagro.com\/tr\/hakkimizda\/","url":"https:\/\/www.rovagro.com\/tr\/hakkimizda\/","name":"Hakk\u0131m\u0131zda - Rovagro","isPartOf":{"@id":"https:\/\/www.rovagro.com\/tr\/#website"},"datePublished":"2024-06-05T07:50:07+00:00","dateModified":"2024-07-08T05:32:50+00:00","breadcrumb":{"@id":"https:\/\/www.rovagro.com\/tr\/hakkimizda\/#breadcrumb"},"inLanguage":"tr","potentialAction":[{"@type":"ReadAction","target":["https:\/\/www.rovagro.com\/tr\/hakkimizda\/"]}]},{"@type":"BreadcrumbList","@id":"https:\/\/www.rovagro.com\/tr\/hakkimizda\/#breadcrumb","itemListElement":[{"@type":"ListItem","position":1,"name":"Anasayfa","item":"https:\/\/www.rovagro.com\/tr\/"},{"@type":"ListItem","position":2,"name":"Hakk\u0131m\u0131zda"}]},{"@type":"WebSite","@id":"https:\/\/www.rovagro.com\/tr\/#website","url":"https:\/\/www.rovagro.com\/tr\/","name":"Rovagro","description":"S\u00fcrd\u00fcrebilir Tedarik\u00e7i","potentialAction":[{"@type":"SearchAction","target":{"@type":"EntryPoint","urlTemplate":"https:\/\/www.rovagro.com\/tr\/?s={search_term_string}"},"query-input":{"@type":"PropertyValueSpecification","valueRequired":true,"valueName":"search_term_string"}}],"inLanguage":"tr"}]}},"_links":{"self":[{"href":"https:\/\/www.rovagro.com\/tr\/wp-json\/wp\/v2\/pages\/108","targetHints":{"allow":["GET"]}}],"collection":[{"href":"https:\/\/www.rovagro.com\/tr\/wp-json\/wp\/v2\/pages"}],"about":[{"href":"https:\/\/www.rovagro.com\/tr\/wp-json\/wp\/v2\/types\/page"}],"author":[{"embeddable":true,"href":"https:\/\/www.rovagro.com\/tr\/wp-json\/wp\/v2\/users\/1"}],"replies":[{"embeddable":true,"href":"https:\/\/www.rovagro.com\/tr\/wp-json\/wp\/v2\/comments?post=108"}],"version-history":[{"count":45,"href":"https:\/\/www.rovagro.com\/tr\/wp-json\/wp\/v2\/pages\/108\/revisions"}],"predecessor-version":[{"id":684,"href":"https:\/\/www.rovagro.com\/tr\/wp-json\/wp\/v2\/pages\/108\/revisions\/684"}],"wp:attachment":[{"href":"https:\/\/www.rovagro.com\/tr\/wp-json\/wp\/v2\/media?parent=108"}],"curies":[{"name":"wp","href":"https:\/\/api.w.org\/{rel}","templated":true}]}}